{"id":789,"date":"2023-12-01T12:06:53","date_gmt":"2023-12-01T12:06:53","guid":{"rendered":"https:\/\/shkk.rks-gov.net\/?page_id=789"},"modified":"2023-12-04T16:02:43","modified_gmt":"2023-12-04T16:02:43","slug":"drejtoria-qendrore","status":"publish","type":"page","link":"https:\/\/shkk.rks-gov.net\/sr\/drejtoria-qendrore\/","title":{"rendered":"Generalni direktor"},"content":{"rendered":"<h4>Z\u00ebvend\u00ebsues i DREJTORIT T\u00cb P\u00cbRGJITHSH\u00cbM<\/h4>\n<p>Ismail DIBRANI<\/p>\n<p>email:\u00a0 \u00a0 Ismail.Dibrani@rks-gov.net<\/p>\n<div class=\"row drejtoriPergjithshem\">\n<div class=\"col-md-12\">\n<div class=\"kontaktDrejtori\">\n<div class=\"telDrejtori\">\n<div class=\"kontaktShape\"><img decoding=\"async\" src=\"https:\/\/shkk.rks-gov.net\/themes\/default\/assets\/images\/phoneBlack.png\" alt=\"\" \/> 038\/200-67-400<\/div>\n<\/div>\n<div class=\"adresaDrejtori\">\n<div class=\"kontaktShape\"><img decoding=\"async\" src=\"https:\/\/shkk.rks-gov.net\/themes\/default\/assets\/images\/mapPinBlack.png\" alt=\"\" \/>\u00a0 Ndertesa Ish Rilindja, Kati VI, zyra 620 10000 Prishtine, Republika e Kosoves<\/div>\n<\/div>\n<\/div>\n<\/div>\n<\/div>\n","protected":false},"excerpt":{"rendered":"<p>Z\u00ebvend\u00ebsues i DREJTORIT T\u00cb P\u00cbRGJITHSH\u00cbM Ismail DIBRANI email:\u00a0 \u00a0 Ismail.Dibrani@rks-gov.net 038\/200-67-400 \u00a0 Ndertesa Ish Rilindja, Kati VI, zyra 620 10000 Prishtine, Republika e Kosoves<\/p>\n","protected":false},"author":1,"featured_media":0,"parent":0,"menu_order":0,"comment_status":"closed","ping_status":"closed","template":"about.php","meta":{"footnotes":""},"class_list":["post-789","page","type-page","status-publish","hentry"],"acf":[],"_links":{"self":[{"href":"https:\/\/shkk.rks-gov.net\/sr\/wp-json\/wp\/v2\/pages\/789","targetHints":{"allow":["GET"]}}],"collection":[{"href":"https:\/\/shkk.rks-gov.net\/sr\/wp-json\/wp\/v2\/pages"}],"about":[{"href":"https:\/\/shkk.rks-gov.net\/sr\/wp-json\/wp\/v2\/types\/page"}],"author":[{"embeddable":true,"href":"https:\/\/shkk.rks-gov.net\/sr\/wp-json\/wp\/v2\/users\/1"}],"replies":[{"embeddable":true,"href":"https:\/\/shkk.rks-gov.net\/sr\/wp-json\/wp\/v2\/comments?post=789"}],"version-history":[{"count":2,"href":"https:\/\/shkk.rks-gov.net\/sr\/wp-json\/wp\/v2\/pages\/789\/revisions"}],"predecessor-version":[{"id":1150,"href":"https:\/\/shkk.rks-gov.net\/sr\/wp-json\/wp\/v2\/pages\/789\/revisions\/1150"}],"wp:attachment":[{"href":"https:\/\/shkk.rks-gov.net\/sr\/wp-json\/wp\/v2\/media?parent=789"}],"curies":[{"name":"wp","href":"https:\/\/api.w.org\/{rel}","templated":true}]}}