{"id":772,"date":"2023-11-17T13:20:01","date_gmt":"2023-11-17T13:20:01","guid":{"rendered":"https:\/\/shkk.rks-gov.net\/historiku\/"},"modified":"2024-03-15T10:51:03","modified_gmt":"2024-03-15T10:51:03","slug":"historiku","status":"publish","type":"page","link":"https:\/\/shkk.rks-gov.net\/sr\/historiku\/","title":{"rendered":"Historijat"},"content":{"rendered":"<h4 class=\"historiku-titulli\">Historijat<\/h4>\n<div class=\"historiku\">\n<div id=\"primary\">\n<div id=\"post_content\" role=\"main\">\n<p>Kazneno-popravna slu\u017eba Kosova po\u010dela je sa radom 28. novembra 1999. godine, prvobitno otvaranjem prvog pritvorskog centra u Prizrenu, da bi nastavila otvaranjem drugih kazneno-popravnih centara u najvec\u0301im centrima zemlje.<\/p>\n<p>KCS je nasledio stanje nefunkcionalne infrastrukture, ali radom, zalaganjem i podr\u0161kom sistem izvr\u0161enja kazni i pritvora je u potpunosti operativan, sa zna\u010dajnim pobolj\u0161anjima u infrastrukturi i kvalitet rada.<\/p>\n<p>U aprilu 2000. godine zaposlena je i obu\u010dena prva generacija od 60 popravnih slu\u017ebenika koji su uspe\u0161no zavr\u0161ili obuku, a zatim zapo\u010deli rad u pritvorskom centru u Prizrenu. Od tada, Kazneno-popravna slu\u017eba Kosova ima 1386 uniformisanih radnika i 283 civilnog, stru\u010dnog i pomoc\u0301nog osoblja obu\u010denog i posvec\u0301enog ispunjenju misije KCS.<\/p>\n<p>Nova kazneno-popravna slu\u017eba nastala je na osnovu demokratske i profesionalne slu\u017ebe. Ona je otvorena i jednaka slu\u017eba za sve one koji \u017eele postati \u010dlanovi ove slu\u017ebe.<\/p>\n<p>Svi \u010dlanovi Kosovske kazneno-popravne slu\u017ebe posvec\u0301eni su njihovoj slu\u017ebi na osnovu: vizije, misije i vrednosti ove slu\u017ebe.<\/p>\n<p>Od svog uspostavljanja, Kazeneno-popravna slu\u017eba Kosova bila je deo sveukupnog razvoja okolnosti na posleratnom Kosovu koje je pro\u0161lo kroz razli\u010dite izazove i te\u0161koc\u0301e tokom faze tranzicije do faze posle nezavisnosti. Me\u0111utim, postigli smo zna\u010dajan napredak u ispunjenju misije, u po\u010detku uz pomoc\u0301 donatora i radom svih zaposlenih, na svim nivoima stvoreni su najosnovniji uslovi, a do 2001., godine koja je ozna\u010dila po\u010detak rada u celosti na teritoriji Republike Kosovo, Kazneno-popravna slu\u017eba sada deluje i upravlja institucijama kao \u0161to su:<\/p>\n<p>&#8211; Kazneno-popravni centar Dubrava;<\/p>\n<p>&#8211; Kazneno-popravni centar Smrekonice;<\/p>\n<p>&#8211; Kazneno-popravni centar Lipjan;<\/p>\n<p>&#8211; Popravno-obrazovni centar Lippjan;<\/p>\n<p>&#8211; Pritvorski centar Lipjan;<\/p>\n<p>&#8211; Pritvorski centar u Prizrenu;<\/p>\n<p>&#8211; Pritvorski centar u Pri\u0161tini;<\/p>\n<p>&#8211; Pritvorski centar u Gnjilanu;<\/p>\n<p>&#8211; Pritvorski centar u Pec\u0301i;<\/p>\n<p>&#8211; Pritvorski centar u Mitrovici;<\/p>\n<p>&#8211; Zatvor visoke sigurnosti.<\/p>\n<p>Imajuc\u0301i u vidu moguc\u0301nosti i radna mesta koja su razvijena visokim intenzitetom, danas je Kazneno-popravna slu\u017eba Kosova napravila va\u017ean korak postajuc\u0301i \u010dlan Me\u0111unarodnog udru\u017eenja za izvr\u0161enje krivi\u010dnih i zatvorskih kazni (ICPA).<\/p>\n<p><strong>Misija i vizija<\/strong><\/p>\n<p>Misija Kosovske kazneno-popravne slu\u017ebe je da sara\u0111uje sa svim partnerima pravde i u stalnom skladu sa kosovskim zakonima u vezi sa popravom i resocijalizacijom zatvorenika po\u0161tujuc\u0301i njihova osnovna prava bez obzira na rasu, jezik i veroispovest kao i obezbe\u0111ivanje sigurnog okru\u017eenja za osoblje, zatvorenike i dru\u0161tvo.<\/p>\n<p>Vizija KPS-a je da razvije naprednu kazneno-popravnu slu\u017ebu koja c\u0301e delovati u skladu sa najnaprednijim me\u0111unarodnim pravom, normama i standardima.<\/p>\n<p><strong>Mandat<\/strong><\/p>\n<p>Prema Zakonu o izvr\u0161enju krivi\u010dnih sankcija (LESP), KPS je odgovorna za organizovanje nadzora i sprovo\u0111enje krivi\u010dnih sankcija. Njegova aktivnost je resocijalizacija osu\u0111enih lica tokom izdr\u017eavanja kazne i njihova reintegracija u dru\u0161tvo, \u010dime se vr\u0161i va\u017ean zadatak u za\u0161titi Republike Kosovo od ponavljanja krivi\u010dnih dela i spre\u010davanja buduc\u0301eg kriminala.<\/p>\n<p>Glavni zadaci KPS-a su:<\/p>\n<p>\u2022 Organizovanje, sprovo\u0111enje i nadzor izvr\u0161enja kazne zatvora i<\/p>\n<p>dugotrajna zatvorska kazna;<\/p>\n<p>\u2022 Organizovanje, sprovo\u0111enje i nadzor zatvorskih i obrazovnih \/ popravnih mera za maloletnike;<\/p>\n<p>\u2022 Organizovanje programa koji doprinose ponovnom obrazovanju, pripremi pu\u0161tenja na slobodu i dugoro\u010dni nadzor osu\u0111enih lica.<\/p>\n<p>\u2022 Sprovo\u0111enje pritvora za pritvorenike u ustanovama KPS.<\/p>\n<p><strong>Ravnopravnost:<\/strong><\/p>\n<p>Kazneno-popravna slu\u017eba je posvec\u0301ena promociji jednakosti u svim oblastima rada i delovanja, kao i posvec\u0301enju zdravom dru\u0161tvu sa emancipacijom koja je uvek u porastu, po\u0161tujuc\u0301i rodnu ravnopravnost, nacionalnost, pravo mi\u0161ljenja i veru, socijalni status itd. Zabrana bilo kojeg oblika diskriminacije jedan je od glavnih prioriteta KPS-a i deo \u0161ire agende o ravnopravnosti, koja je su\u0161tinska za sigurno i uspe\u0161no upravljanje KPS-om. Da bismo dostigli \u017eeljeni nivo jednakosti, jedini pravi put je kada se pobrinemo da se prema svima postupa dostojanstveno, po\u0161teno, nepristrasno i jednako, bez obzira na boju, pol, rasu, verovanje, politi\u010dko uverenje, socijalni status, psihofizi\u010dke sposobnosti itd.<\/p>\n<p><strong>Vrednosti<\/strong><\/p>\n<p>1. Republika Kosovo je prihvatila op\u0161ta na\u010dela osnovnih ljudskih prava i sloboda i garantovala svoja prava svojim Ustavom. Dakle, napredovala je u smislu nametanja i primene krivi\u010dnih sankcija ka \u010dove\u010danstvu ka\u017enjavanja kako bi se iskorenio osvetoljubivi karakter garantiranjem prava \u010doveka na \u017eivot.<\/p>\n<p>2. Osnovna prava i slobode zagarantovane Ustavom Republike Kosovo mogu se ograni\u010diti samo u onoj meri u kojoj je to neophodno, u otvorenom i demokratskom dru\u0161tvu, naime ispunjavanjem svrhe za koju je ograni\u010denje dozvoljeno.<\/p>\n<p>3. Saradnja sa drugim partnerima koji imaju uticaja na KPS.<\/p>\n<p>4. KPS se zala\u017ee za promovisanje jednakosti, po\u0161tovanja kulturne, etni\u010dke, verske, rodne raznolikosti u svim sferama rada i aktivnosti.<\/p>\n<p>5. Potencijal ljudskih resursa na osnovu; iskrenosti, transparentnosti, odgovornosti i profesionalne etike.<\/p>\n<p>Pravni osnov<\/p>\n<p>Pravni osnov KPS-a oslanja se na va\u017eec\u0301e zakone na Kosovu koje je usvojio Skup\u0161tina Republike, a koja su:<\/p>\n<p>\u2022 Kosovski zakon o izvr\u0161enju krivi\u010dnih sankcija (ZIKS), Pri\u0161tina, 2013;<\/p>\n<p>\u2022 Krivi\u010dni zakonik Kosova, Pri\u0161tina;<\/p>\n<p>\u2022 Zakonik o krivi\u010dnom postupku Kosova, Pri\u0161tina;<\/p>\n<p>\u2022 Kodeks pravde za maloletnike na Kosovu, Pri\u0161tina, 2010.<\/p>\n<p><strong>Profesionalnost:<\/strong><\/p>\n<p>Osoblje i rukovodioci profesionalno komuniciraju sa zatvorenicima, rade zajedno, poma\u017eu drugima i grade spoljne i unutra\u0161nje odnose.<\/p>\n<p>Buduc\u0301i da je radnik koji bira profesionalne vrednosti, nastavlja da veruje u inspirativne progresivne vrednosti, podsti\u010de radnike da se ponose svojim radom, vrednostima i doprinosom koji daju.<\/p>\n<p>Omoguc\u0301uje i osigurava da pojedinci preuzimaju li\u010dnu odgovornost za svoje postupke.<\/p>\n<p>Profesionalnost osoblja KPS-a ocenjuje se u razli\u010dito vreme kako bi se utvrdio njihov profesionalni nivo.<\/p>\n<p><strong>Ciljevi i zadaci:<\/strong><\/p>\n<p>Svjesni na\u0161ih specifi\u010dnih i glavnih zadataka, na\u0161i ciljevi su tako\u0111e povezani sa razvojem dru\u0161tva uop\u0161te, i verujemo da c\u0301e na\u0161e dosada\u0161nje i buduc\u0301e uloge i ciljevi biti od velike va\u017enosti za dru\u0161tvo u kojem dominiraju zakon i po\u0161tovanje sloboda i prava. Na\u0161i strate\u0161ki ciljevi bic\u0301e:<\/p>\n<p>1. Osiguravanje efikasnog upravljanja i nadzora zatvorenika. Promena uslova za upravljanje i sprovo\u0111enje propisa u skladu sa pravima zatvorenika, razvijanje prakse koja c\u0301e biti najbolje prilago\u0111ena;<\/p>\n<p>2. Svojim doprinosom smanjenju recidivizma, KPS \u017eeli smanjiti nivo recidivizma pru\u017eanjem programa za uspe\u0161nu rehabilitaciju i reintegraciju zatvorenika;<\/p>\n<p>3. Povec\u0301anje ve\u0161tina i kapaciteta<\/p>\n<p>Za uspe\u0161an rad KPS treba da izgradi operativne sposobnosti i kapacitete (tehnologija i infrastruktura);<\/p>\n<p>4. Kontinuirano dono\u0161enje unutra\u0161njih propisa koji poma\u017eu da se generalne odredbe Zakona o izvr\u0161enju krivi\u010dnih sankcija konkreti\u0161u kako bi se obezbedilo po\u0161tovanje prava zatvorenika;<\/p>\n<p>5. Stvaranje uslova za obavezno osnovno i stru\u010dno obrazovanje za zatvorenike i pru\u017eanje adekvatnih programa za razli\u010ditu stru\u010dnu obuku;<\/p>\n<p>6. Saradnja sa vladinim i nevladinim organizacijama u interesu slu\u017ebe uop\u0161te i zatvorenika posebno.<\/p>\n<p>Privredna jedinica Kosovske kazneno-popravne slu\u017ebe<\/p>\n<p>Kazneno-popravna slu\u017eba Kosova obavlja svoju ekonomsku aktivnost u \u010detiri popravna centra: u Dubravi, Smrekonici, Lipljanu i zatvoru visoke bezbednosti.<\/p>\n<p>Proizvodnja toaletnog papira i kuhinjskog pribora zapo\u010dela je u zatvoru visoke sigurnosti.<\/p>\n<p>Proizvodi koje proizvode zatvorenici ZVB koristic\u0301e se za potrebe svih kazneno-popravnih ustanova, a ubuduc\u0301e c\u0301e se plasirati na tr\u017ei\u0161te.<\/p>\n<p>Kazneno-popravni centar Dubrava, prema geo-katastarskoj evidenciji, ima 140 hektara zemlje. Od toga su 24 hektara okru\u017eeni zidinama, dok je 116 hektara obradivo zemlji\u0161te na kojem se njihovim aktivnostima razvijaju grane kao \u0161to su:<\/p>\n<p>Ogranak za povrc\u0301e;<\/p>\n<p>Ogranak otvorenog polja;<\/p>\n<p>Ogranak poljoprivredne radionice;<\/p>\n<p>Ogranak za stoku;<\/p>\n<p>Ogranak za odr\u017eavanje \u017eivotne sredine.<\/p>\n<p>Obrazovanje zatvorenika<\/p>\n<p>Kazneno-popravne ustanove pru\u017eaju obrazovanje za sve zatvorenike, a nastavni proces je organizovan za pred-univerzitetske nivoe obrazovanja. Obrazovanje je razvijeno za obrazovne profile koje je odobrilo MONT, a obrazovanje zatvorenika je ekvivalentno op\u0161tem obrazovanju u Republici Kosovo.<\/p>\n<p>Profesionalna obuka zatvorenika<\/p>\n<p>Kazneno-popravna slu\u017eba upravlja centrima za stru\u010dno osposobljavanje zatvorenika, koji imaju dovoljno prostora za obuku i proizvodnju. Osoblje za obuku je certificirano od strane MRSZ Centra za stru\u010dno usavr\u0161avanje. Nakon zavr\u0161etka svake obuke, zatvorenici su tako\u0111e sertifikovani.<\/p>\n<p>Trenutno popravne institucije razvijaju stru\u010dno usavr\u0161avanje u sledec\u0301im oblastima:<\/p>\n<p>&#8211; informaciona tehnologija (Word-Excel);<\/p>\n<p>&#8211; vodovodne i sanitarne instalacije;<\/p>\n<p>&#8211; Zavarivanje;<\/p>\n<p>&#8211; Zavarivanje;<\/p>\n<p>&#8211; Stolarija;<\/p>\n<p>&#8211; Gra\u0111evinarstvo (Keramika, fasader, armira\u010d, zidar, stolar itd.)<\/p>\n<p>Zapo\u0161ljavanje zatvorenika izvan kazneno-popravne ustanove<\/p>\n<p>Od ove godine Kazneno-popravna slu\u017eba po\u010dela je omoguc\u0301avati odgovornim zatvorenicima pristup zaposlenju izvan popravne ustanove. Zatvorenici razli\u010ditih profesionalnih profila po\u010deli su da se zapo\u0161ljavaju u razli\u010ditim privatnim preduzec\u0301ima prema interesovanju preduzec\u0301a u dogovoru sa KPS-om.<\/p>\n<p>Rad zatvorenika je neophodna aktivnost u pravcu uspe\u0161ne resocijalizacije i njihove pripreme za povratak u dru\u0161tvo kao odgovornih i korisnih pojedinaca za dru\u0161tvo, a istovremeno i za kazneno-popravnu slu\u017ebu. KPS ostvaruje svoju pravnu misiju spre\u010davanja buduc\u0301eg ponavljanja kriminala ciljajuc\u0301i na dru\u0161tvo vladavine zakona.<\/p>\n<p>O\u010dekujemo od \u0161ireg dru\u0161tva da prihvati zatvorenike zaposlene u zajednici kao deo svog \u017eivota i rada u svom okru\u017eenju i da pomogne KPS u misiji resocijalizacije i reintegracije zatvorenika u dru\u0161tvo na Republici Kosovo.<\/p>\n<\/div>\n<\/div>\n<\/div>\n","protected":false},"excerpt":{"rendered":"<p>Historijat Kazneno-popravna slu\u017eba Kosova po\u010dela je sa radom 28. novembra 1999. godine, prvobitno otvaranjem prvog pritvorskog centra u Prizrenu, da bi nastavila otvaranjem drugih kazneno-popravnih centara u najvec\u0301im centrima zemlje. KCS je nasledio stanje nefunkcionalne infrastrukture, ali radom, zalaganjem i podr\u0161kom sistem izvr\u0161enja kazni i pritvora je u potpunosti operativan, sa zna\u010dajnim pobolj\u0161anjima u infrastrukturi [&hellip;]<\/p>\n","protected":false},"author":1,"featured_media":0,"parent":0,"menu_order":0,"comment_status":"closed","ping_status":"closed","template":"about.php","meta":{"footnotes":""},"class_list":["post-772","page","type-page","status-publish","hentry"],"acf":[],"_links":{"self":[{"href":"https:\/\/shkk.rks-gov.net\/sr\/wp-json\/wp\/v2\/pages\/772","targetHints":{"allow":["GET"]}}],"collection":[{"href":"https:\/\/shkk.rks-gov.net\/sr\/wp-json\/wp\/v2\/pages"}],"about":[{"href":"https:\/\/shkk.rks-gov.net\/sr\/wp-json\/wp\/v2\/types\/page"}],"author":[{"embeddable":true,"href":"https:\/\/shkk.rks-gov.net\/sr\/wp-json\/wp\/v2\/users\/1"}],"replies":[{"embeddable":true,"href":"https:\/\/shkk.rks-gov.net\/sr\/wp-json\/wp\/v2\/comments?post=772"}],"version-history":[{"count":4,"href":"https:\/\/shkk.rks-gov.net\/sr\/wp-json\/wp\/v2\/pages\/772\/revisions"}],"predecessor-version":[{"id":2264,"href":"https:\/\/shkk.rks-gov.net\/sr\/wp-json\/wp\/v2\/pages\/772\/revisions\/2264"}],"wp:attachment":[{"href":"https:\/\/shkk.rks-gov.net\/sr\/wp-json\/wp\/v2\/media?parent=772"}],"curies":[{"name":"wp","href":"https:\/\/api.w.org\/{rel}","templated":true}]}}