{"id":1409,"date":"2023-12-04T14:18:56","date_gmt":"2023-12-04T14:18:56","guid":{"rendered":"https:\/\/shkk.rks-gov.net\/burgu-i-sigurise-se-larte\/"},"modified":"2023-12-04T17:02:56","modified_gmt":"2023-12-04T17:02:56","slug":"burgu-i-sigurise-se-larte","status":"publish","type":"page","link":"https:\/\/shkk.rks-gov.net\/sr\/burgu-i-sigurise-se-larte\/","title":{"rendered":"Visoki zatvor za bezbednost"},"content":{"rendered":"<p><strong>Burgu i Siguris\u00eb s\u00eb Lart\u00eb<\/strong><\/p>\n<p>Burgu i Siguris\u00eb s\u00eb Lart\u00eb gjend\u00ebt n\u00eb fshatin G\u00ebrdovc t\u00eb Komun\u00ebs s\u00eb Podujev\u00ebs, p\u00ebrkat\u00ebsisht 25 kilomet\u00ebr nga qyteti i Prishtin\u00ebs \u00ebsht\u00eb\u00a0 nd\u00ebrtuar n\u00eb vitin 2013, kurse n\u00eb maj t\u00eb vitit 2014 ka filluar me pranimet e para\u00a0 t\u00eb d\u00ebnuarve me rrezikshm\u00ebri t\u00eb lart\u00eb.\u00a0Burgu i Siguris\u00eb s\u00eb Lart\u00eb \u00ebsht\u00eb nd\u00ebrtuar n\u00eb bashk\u00ebfinancim t\u00eb Komisionit Evropian dhe Qeveris\u00eb s\u00eb Kosov\u00ebs.<\/p>\n<p><strong>Historik i Shkurt\u00ebr<\/strong><\/p>\n<p>Burgu i Siguris\u00eb s\u00eb Lart\u00eb \u00ebsht\u00eb institucion i nivelit t\u00eb lart\u00eb t\u00eb siguris\u00eb, m\u00eb standarde Evropiane, \u00ebsht\u00eb i shtrir\u00eb n\u00eb nj\u00eb hap\u00ebsire prei 11 hektar\u00ebsh i p\u00ebrb\u00ebr\u00eb nga sektor\u00eb t\u00eb ndrysh\u00ebm, ku pjesa e jashtme p\u00ebrb\u00ebhet nga objektet e Administrat\u00ebs, kurse n\u00eb pjes\u00ebn e brendshme jan\u00eb te vendosur 3 Pavijone objekti i Vizitave, Stacionari Kuzhina, Lavanteria, Pun\u00ebtorit\u00eb etj.\u00a0Kapaciteti\u00a0 \u00ebsht\u00eb 390 shtret\u00ebr ku secili i d\u00ebnuar \u00ebsht\u00eb i vendosur ve\u00e7 n\u00eb nj\u00eb dhom\u00eb ku nj\u00eb dhome ka nj\u00eb hap\u00ebsir\u00eb rreth 9 met\u00ebr katror\u00eb<\/p>\n<p><strong><u>P\u00ebrkujdesja Mjek\u00ebsore<\/u><\/strong><\/p>\n<p>Nj\u00ebsia sh\u00ebndet\u00ebsore e Burgut te Siguris\u00eb s\u00eb Lart\u00eb funksionon n\u00eb kuad\u00ebr t\u00eb Departamentit Sh\u00ebndet\u00ebsore te Burgjeve pran\u00eb Ministris\u00eb se Sh\u00ebndet\u00ebsis\u00eb (DSHB\/MSH). N\u00eb kuad\u00ebr t\u00eb k\u00ebsaj nj\u00ebsie sh\u00ebndet\u00ebsore e cila gjendet brenda Burgut ofrohen sh\u00ebrbime mjek\u00ebsore 24\/7.\u00a0N\u00eb kuad\u00ebr t\u00eb k\u00ebsaj nj\u00ebsie punojn\u00eb 2 mjek\u00eb t\u00eb p\u00ebrgjithsh\u00ebm, psikiatri, stomatologu dhe psikologu. Gjithashtu, ofrohen sh\u00ebrbime konsultative nga specialist t\u00eb ndrysh\u00ebm sipas nevoj\u00ebs, k\u00ebtu p\u00ebrfshihen konsultat, si p\u00ebr: Kardiologji, Kirurgji, etj. Ne \u00e7do kontekst, q\u00ebllimi i kujdesit sh\u00ebndet\u00ebsore n\u00eb BSL \u00ebsht\u00eb i nj\u00ebjte sikurse ai jasht\u00eb Burgut.<\/p>\n<p><strong><u>Vizitat\u00a0 Familjare\/ Avokat\u00ebve etj.<\/u><\/strong><\/p>\n<p><strong><u>P\u00ebr t\u00eb D\u00ebnuarit<\/u><\/strong><\/p>\n<p><strong>T\u00eb h\u00ebn\u00ebn, t\u00eb enjten dhe t\u00eb premten.\u00a0<\/strong><\/p>\n<p>Vizitat p\u00ebr k\u00ebt\u00eb kategori b\u00ebhen n\u00eb k\u00ebt\u00eb orar:<\/p>\n<p>08:00 \u2013 11:00;<br \/>\n13:00 \u2013 16:00.<\/p>\n<p><strong><u>P\u00ebr t\u00eb Paraburgosurit dhe Minoritetet<\/u><\/strong><\/p>\n<p><strong>T\u00eb mart\u00ebn<\/strong><br \/>\nVizitat p\u00ebr k\u00ebt\u00eb kategori b\u00ebhen n\u00eb k\u00ebt\u00eb orar:<br \/>\n08:00 \u2013 11:00<br \/>\n13:00 \u2013 16:00<\/p>\n<p><strong><u>Vizita me Avokat\u00eb<\/u><\/strong><\/p>\n<p><strong>Nga e H\u00ebna n\u00eb t\u00eb Premte\u00a0\u00a0<\/strong><\/p>\n<p>Vizitat p\u00ebr k\u00ebt\u00eb kategori b\u00ebhen n\u00eb orarin:<\/p>\n<p>09:00 \u2013 16:00<\/p>\n<p><strong>Adresa:<\/strong><br \/>\nFshati G\u00ebrdoc 11050, KK Podujev\u00eb<\/p>\n<p><strong>Kontakti:<\/strong><br \/>\n038 200 67500<\/p>\n","protected":false},"excerpt":{"rendered":"<p>Burgu i Siguris\u00eb s\u00eb Lart\u00eb Burgu i Siguris\u00eb s\u00eb Lart\u00eb gjend\u00ebt n\u00eb fshatin G\u00ebrdovc t\u00eb Komun\u00ebs s\u00eb Podujev\u00ebs, p\u00ebrkat\u00ebsisht 25 kilomet\u00ebr nga qyteti i Prishtin\u00ebs \u00ebsht\u00eb\u00a0 nd\u00ebrtuar n\u00eb vitin 2013, kurse n\u00eb maj t\u00eb vitit 2014 ka filluar me pranimet e para\u00a0 t\u00eb d\u00ebnuarve me rrezikshm\u00ebri t\u00eb lart\u00eb.\u00a0Burgu i Siguris\u00eb s\u00eb Lart\u00eb \u00ebsht\u00eb nd\u00ebrtuar n\u00eb [&hellip;]<\/p>\n","protected":false},"author":1,"featured_media":0,"parent":0,"menu_order":0,"comment_status":"closed","ping_status":"closed","template":"about.php","meta":{"footnotes":""},"class_list":["post-1409","page","type-page","status-publish","hentry"],"acf":[],"_links":{"self":[{"href":"https:\/\/shkk.rks-gov.net\/sr\/wp-json\/wp\/v2\/pages\/1409","targetHints":{"allow":["GET"]}}],"collection":[{"href":"https:\/\/shkk.rks-gov.net\/sr\/wp-json\/wp\/v2\/pages"}],"about":[{"href":"https:\/\/shkk.rks-gov.net\/sr\/wp-json\/wp\/v2\/types\/page"}],"author":[{"embeddable":true,"href":"https:\/\/shkk.rks-gov.net\/sr\/wp-json\/wp\/v2\/users\/1"}],"replies":[{"embeddable":true,"href":"https:\/\/shkk.rks-gov.net\/sr\/wp-json\/wp\/v2\/comments?post=1409"}],"version-history":[{"count":1,"href":"https:\/\/shkk.rks-gov.net\/sr\/wp-json\/wp\/v2\/pages\/1409\/revisions"}],"predecessor-version":[{"id":1421,"href":"https:\/\/shkk.rks-gov.net\/sr\/wp-json\/wp\/v2\/pages\/1409\/revisions\/1421"}],"wp:attachment":[{"href":"https:\/\/shkk.rks-gov.net\/sr\/wp-json\/wp\/v2\/media?parent=1409"}],"curies":[{"name":"wp","href":"https:\/\/api.w.org\/{rel}","templated":true}]}}