{"id":1407,"date":"2023-12-04T14:26:10","date_gmt":"2023-12-04T14:26:10","guid":{"rendered":"https:\/\/shkk.rks-gov.net\/qendra-korrektuese-per-femra-dhe-te-mitur-ne-lipjan\/"},"modified":"2023-12-04T17:02:36","modified_gmt":"2023-12-04T17:02:36","slug":"qendra-korrektuese-per-femra-dhe-te-mitur-ne-lipjan","status":"publish","type":"page","link":"https:\/\/shkk.rks-gov.net\/sr\/qendra-korrektuese-per-femra-dhe-te-mitur-ne-lipjan\/","title":{"rendered":"Kazneno-popravni centar za \u017eene i maloletnike u Lipljanu"},"content":{"rendered":"<p><strong>Historiku<\/strong><\/p>\n<p>Qendra Edukativo-Korrektuese n\u00eb Lipjan, themelohet me vendimi nga Qeveria e Republik\u00ebs s\u00eb Kosov\u00ebs, kjo \u00e7do her\u00eb duke u p\u00ebrpjekur t\u00eb arrihen standarde dhe p\u00ebrmbushjen e t\u00eb drejtave\u00a0ndaj\u00a0atyre t\u00eb miturve q\u00eb bien ndesh me ligjin, ku tani institucionin n\u00eb fjal\u00eb\u00a0ka p\u00ebr q\u00ebllimi dhe\u00a0fokus t\u00eb ve\u00e7ant\u00eb\u00a0t\u00eb miturit me masa edukativo-korrektues, e\u00a0q\u00eb jan\u00eb kategori apo n\u00eb\u00a0mosh\u00ebn t\u00eb ndjeshme 14-18 t\u00eb dy gjinive, me nj\u00eb fjal\u00eb ekzekuton aktvendimet nga gjykatat\u00a0me\u00a0masa\u00a0edukativo-korrektues.\u00a0Qendra Edukativo-Korrektuese\u00a0 n\u00eb Lipjan funksionon si nj\u00eb institucioni tipit gjysm\u00eb t\u00eb hapur\u00a0 dhe t\u00eb\u00a0 hapur (p\u00ebr momentin vet\u00eb t\u00eb hapur), ekskluzivisht p\u00ebr t\u00eb miturit femra dhe meshkuj, ndaj t\u00eb cil\u00ebve jan\u00eb shqiptuar masa edukuese-korrektuese e cila \u00ebsht\u00eb e dizajnuar posa\u00e7\u00ebrisht p\u00ebr leht\u00ebsimin e plot\u00ebsimit t\u00eb nevojave individuale t\u00eb t\u00eb miturve t\u00eb privuar nga liria bazuar n\u00eb interesin e tyre m\u00eb t\u00eb lart\u00eb. I gjith\u00eb ky\u00a0projekt \u00ebsht\u00eb realizuar me investim t\u00eb Bashkimit Evropian dhe Ministris\u00eb s\u00eb Drejt\u00ebsis\u00eb s\u00eb Republik\u00ebs s\u00eb Kosov\u00eb, ku s\u00eb bashku kan\u00eb\u00a0inauguruar objektin e ri me 15.09.2017, kontribut t\u00eb madh n\u00eb\u00a0k\u00ebt\u00eb ka dh\u00ebn\u00eb edhe organizata\u00a0Unicef-i.\u00a0Qendra Edukativo-Korrektuese\u00a0 zbaton shkall\u00ebn te mesme dhe t\u00eb ul\u00ebt t\u00eb siguris\u00eb dhe te kontrollit, aq sa \u00ebsht\u00eb e nevojshme p\u00ebr mbrojtjen e t\u00eb miturve nga shkaktimi i vet\u00ebd\u00ebmtimeve apo shkaktimin e d\u00ebmit ndaj stafit apo t\u00eb tjer\u00ebve.<\/p>\n<p>Organizmi i brendsh\u00ebm nd\u00ebrtimor dhe programatik i Qendr\u00ebs Edukuese Korrektuese synon p\u00ebrmbushjen e q\u00ebllimit rehabilitues p\u00ebr t\u00eb miturit, duke pasur parasysh t\u00eb drejt\u00ebn e t\u00eb miturit p\u00ebr privat\u00ebsi, stimulim shqisor, mund\u00ebsi p\u00ebr shoq\u00ebrizim me t\u00eb miturit e tjer\u00eb, edukim dhe arsimim t\u00eb p\u00ebrgjithsh\u00ebm dhe profesional, kujdes sh\u00ebndet\u00ebsor t\u00eb duhur, ushqim sipas nevojave moshore, pjes\u00ebmarrje n\u00eb aktivitete sportive, arg\u00ebtuese dhe kulturore.\u00a0Kjo kupton se q\u00ebllimi i institucionit \u00ebsht\u00eb se t\u00eb miturve t\u00eb cil\u00ebt bien ndesh me ligjin penal, e konkretisht atyre q\u00eb i \u00ebsht\u00eb shqiptuar masa edukativo-korrektuese t\u00eb ofroj mbrojtjen e jet\u00ebs dhe t\u00eb integritetit t\u00eb tyre si qenie njer\u00ebzore, ofrimin e siguris\u00eb dhe kujdesit sh\u00ebndet\u00ebsor, realizimin e rehabilitimit n\u00ebp\u00ebrmjet edukimit, arsimit t\u00eb p\u00ebrgjithsh\u00ebm dhe profesional, m\u00ebsimit t\u00eb sjelljeve dhe moralit t\u00eb mir\u00eb shoq\u00ebror dhe p\u00ebrgatitjes s\u00eb tyre p\u00ebr t\u2019u riintegruar n\u00eb shoq\u00ebri.\u00a0Sh\u00ebrbimi Korrektues Kosov\u00ebs si parim ka, q\u00eb t\u00eb miturit e privuar nga liria t\u00eb trajtohen duke respektuar lirit\u00eb dhe t\u00eb drejtat e tyre themelore. Trajtimi i tyre mb\u00ebshtetet n\u00eb parimin e interesit m\u00eb t\u00eb lart\u00eb t\u00eb f\u00ebmij\u00ebs, t\u00eb integrimit shoq\u00ebror, edukimit dhe parandalimit t\u00eb rifutje n\u00eb krim, dhe stafi i institucionit udh\u00ebhiqen nga ligjet dhe deklaratat p\u00ebr t\u00eb drejtat e njeriut.<\/p>\n<p>\u00cbsht\u00eb p\u00ebr t\u2019u theksuar se n\u00eb QEKL-\u00eb me nj\u00eb vendim t\u00eb Zyr\u00ebs Qendrore SHKK-\u00eb i gjith\u00eb stafi \u00ebsht\u00eb duke punuar me rroba civile (p\u00ebrfshihen edhe zyrtar korrektues, p\u00ebrve\u00e7se kur mb\u00ebshtetemi nga nj\u00ebsi tjera).\u00a0Jeta n\u00eb QEKL-\u00eb apo m\u00eb mir\u00eb t\u00eb themi: pranimi, kujdesi sh\u00ebndet\u00ebsor, njoftimi familjarit-kujdestaret, klasifikimi i t\u00eb miturve, higjiena, pastrimi, rrobat, sendet personale, ushqimi, rutina ditore apo regjimi, qasja multi disiplinare, plani individual, arsimimi dhe formimi profesional, pun\u00ebsimi, privilegjet, parat\u00eb, mir\u00ebsjellja, aktivitetet kulturore, korrespodenca, pakot, vizitat, bisedat telefonike, shkeljet apo sjelljet e pap\u00ebrshtatshme, masat disiplinore, ankesat, k\u00ebrkesat etj, t\u00eb gjitha jan\u00eb t\u00eb rregulluara me rendin e brendsh\u00ebm duke u referuar n\u00eb Kod t\u00eb Drejt\u00ebsis\u00eb p\u00ebr t\u00eb Mitur dhe kartave universale p\u00ebr t\u00eb drejtat e f\u00ebmij\u00ebve.<\/p>\n<p>T\u00eb lartcekurat bazohen dhe dalin nga Kodi p\u00ebr Drejt\u00ebsi p\u00ebr t\u00eb Mitur, i cili si q\u00ebllim ka: procedur\u00ebn penale, t\u00eb miturit, si kryes i vepr\u00ebs penale, ti shqiptohet masa ose d\u00ebnimi i cili siguron realizimin e interesit t\u00eb tij m\u00eb t\u00eb mir\u00eb, ose q\u00eb interesi i till\u00eb i t\u00eb miturit t\u00eb realizohet pa zhvillimin e procedur\u00ebs penale ndaj tij, p\u00ebrkat\u00ebsisht me pezullimin e procedur\u00ebs s\u00eb filluar ndaj t\u00eb miturit at\u00ebher\u00eb kur k\u00ebt\u00eb e k\u00ebrkojn\u00eb arsyet, si dhe kur mos ndjekja e till\u00eb e t\u00eb miturit ose pezullimi i till\u00eb e procedur\u00ebs ndaj tij mund kusht\u00ebzoj\u00eb me plot\u00ebsimin e detyrimeve t\u00eb caktuara nga ana e t\u00eb miturit. P\u00ebr m\u00eb tep\u00ebr garantimin dhe respektimin e t\u00eb t\u00eb drejtave dhe lirive t\u00eb tyre t\u00eb parapara me Kushtetut\u00ebn e Republik\u00ebs s\u00eb Kosov\u00ebs, Konvent\u00ebn p\u00ebr t\u00eb Drejtat e F\u00ebmij\u00ebs.\u00a0Q\u00ebllimi i mas\u00ebs edukative \u00ebsht\u00eb q\u00eb t\u00eb kontribuoj\u00eb n\u00eb rehabilitimin dhe risocializimin, si dhezhvillimin adekuat t\u00eb kryer\u00ebsit t\u00eb mitur, duke ofruar mbrojtje, ndihm\u00eb dhe mbik\u00ebqyrje, duke siguruar edukim dhe aft\u00ebsim profesional, duke zhvilluar p\u00ebrgjegj\u00ebsin\u00eb e tij personale dhe k\u00ebshtu duke ndaluar sjelljen recidiviste.\u00a0Masat institucionale edukative jan\u00eb, d\u00ebrgimi i t\u00eb miturit n\u00eb institucion edukues korrektues dhe d\u00ebrgimi i t\u00eb mitur n\u00eb institucionin e kujdesit t\u00eb posa\u00e7\u00ebm. K\u00ebto masa shqiptohen ndaj t\u00eb miturit interesat e t\u00eb cilit m\u00eb s\u00eb miri p\u00ebrfillen me ve\u00e7imin e tij nga mjedisi i m\u00ebparsh\u00ebm dhe me mas\u00eb afatgjate, q\u00eb t\u00eb miturit i ofron mund\u00ebsin\u00eb e edukimit, rehabilitimit apo trajtimit.<\/p>\n<p><strong>Adresa:<\/strong><br \/>\nObjekti \u00ebsht\u00eb nd\u00ebrtuar i ri n\u00ebn menaxhim t\u00eb Ministria e Administrat\u00eb Publike \ufd3eMAP\ufd3f tani \u00ebsht\u00eb aset i Ministris\u00eb Drejt\u00ebsis\u00eb \/ Sh\u00ebrbimi Korrektues Kosov\u00ebs.<\/p>\n<p><strong>Kontakti:<\/strong><\/p>\n<p><strong>Nr.tel<\/strong>:\u00a0<a href=\"tel:038\/200-18-591%20038\">038 200-18-591, 038<\/a>580\u00a0<a href=\"tel:021\/%20038-200-18521\">021, 038-200-18521<\/a><\/p>\n","protected":false},"excerpt":{"rendered":"<p>Historiku Qendra Edukativo-Korrektuese n\u00eb Lipjan, themelohet me vendimi nga Qeveria e Republik\u00ebs s\u00eb Kosov\u00ebs, kjo \u00e7do her\u00eb duke u p\u00ebrpjekur t\u00eb arrihen standarde dhe p\u00ebrmbushjen e t\u00eb drejtave\u00a0ndaj\u00a0atyre t\u00eb miturve q\u00eb bien ndesh me ligjin, ku tani institucionin n\u00eb fjal\u00eb\u00a0ka p\u00ebr q\u00ebllimi dhe\u00a0fokus t\u00eb ve\u00e7ant\u00eb\u00a0t\u00eb miturit me masa edukativo-korrektues, e\u00a0q\u00eb jan\u00eb kategori apo n\u00eb\u00a0mosh\u00ebn t\u00eb [&hellip;]<\/p>\n","protected":false},"author":1,"featured_media":0,"parent":0,"menu_order":0,"comment_status":"closed","ping_status":"closed","template":"about.php","meta":{"footnotes":""},"class_list":["post-1407","page","type-page","status-publish","hentry"],"acf":[],"_links":{"self":[{"href":"https:\/\/shkk.rks-gov.net\/sr\/wp-json\/wp\/v2\/pages\/1407","targetHints":{"allow":["GET"]}}],"collection":[{"href":"https:\/\/shkk.rks-gov.net\/sr\/wp-json\/wp\/v2\/pages"}],"about":[{"href":"https:\/\/shkk.rks-gov.net\/sr\/wp-json\/wp\/v2\/types\/page"}],"author":[{"embeddable":true,"href":"https:\/\/shkk.rks-gov.net\/sr\/wp-json\/wp\/v2\/users\/1"}],"replies":[{"embeddable":true,"href":"https:\/\/shkk.rks-gov.net\/sr\/wp-json\/wp\/v2\/comments?post=1407"}],"version-history":[{"count":1,"href":"https:\/\/shkk.rks-gov.net\/sr\/wp-json\/wp\/v2\/pages\/1407\/revisions"}],"predecessor-version":[{"id":1420,"href":"https:\/\/shkk.rks-gov.net\/sr\/wp-json\/wp\/v2\/pages\/1407\/revisions\/1420"}],"wp:attachment":[{"href":"https:\/\/shkk.rks-gov.net\/sr\/wp-json\/wp\/v2\/media?parent=1407"}],"curies":[{"name":"wp","href":"https:\/\/api.w.org\/{rel}","templated":true}]}}