{"id":1399,"date":"2023-12-04T14:23:42","date_gmt":"2023-12-04T14:23:42","guid":{"rendered":"https:\/\/shkk.rks-gov.net\/qendra-e-paraburgimit-prizren\/"},"modified":"2023-12-04T17:02:13","modified_gmt":"2023-12-04T17:02:13","slug":"qendra-e-paraburgimit-prizren","status":"publish","type":"page","link":"https:\/\/shkk.rks-gov.net\/sr\/qendra-e-paraburgimit-prizren\/","title":{"rendered":"Pritvorski centar Prizren"},"content":{"rendered":"<p>Nd\u00ebrtesa e Qendr\u00ebs s\u00eb Paraburgimit n\u00eb Prizren \u00ebsht\u00eb nd\u00ebrtuar n\u00eb vitin 1964\u00a0 &#8211; 1965 nga materiali nd\u00ebrtimor p\u00ebr at\u00eb koh\u00eb kualitativ, e q\u00eb ka funksionuar deri me 12.06.1999 me sistemin e m\u00ebhersh\u00ebm. Pas p\u00ebrfundimit t\u00eb luft\u00ebs deri me 28.11.1999, Qendra e Paraburgimit n\u00eb Prizren \u00ebsht\u00eb menaxhuar\u00a0 n\u00eb t\u00ebr\u00ebsi nga KFORI Gjerman. Q\u00eb nga data 28.11.1999, institucioni ka kaluar n\u00ebn autoritetin e UNMIK-ut n\u00eb bashk\u00ebveprim me stafin lokal .\u00a0M\u00eb 01.02.2005, Qendra e Paraburgimit n\u00eb Prizren\u00a0 nga menaxhimi i administrat\u00ebs s\u00eb UNMIK-ut kalon n\u00eb administrim t\u00eb plot nga stafi lokal\u00a0 me udh\u00ebheq\u00ebs\u00a0 vendor dhe si e till\u00eb ka vazhduar\u00a0 pun\u00ebn n\u00eb p\u00ebrmbushjen e standardeve\u00a0 t\u00eb nevojshme dhe t\u00eb\u00a0 avancuara p\u00ebr t\u00eb burgosur dhe staf.\u00a0Duke pasur p\u00ebr baz\u00eb se Qendra e Paraburgimit n\u00eb Prizren \u00ebsht\u00eb institucioni i par\u00eb korrektues i rihapur pas luft\u00ebs, fillimisht jan\u00eb angazhuar stafi i vjet\u00ebr i Qendr\u00ebs s\u00eb Paraburgimit n\u00eb Prizren dhe nj\u00eb num\u00ebr simbolik i stafit nga institucionet tjera korrektuese.<\/p>\n<p>Pjesa p\u00ebr akomodimin e t\u00eb\u00a0 burgosurve p\u00ebrb\u00ebhet nga kat\u00ebr krah\u00eb\u00a0<strong>A,B,C,D<\/strong>\u00a0me nj\u00eb kapacitet akomodues n\u00eb total prej\u00a0\u00a0<strong>92 t\u00eb burgosurish.\u00a0<\/strong>Qendra e Paraburgimit n\u00eb Prizren \u00ebsht\u00eb institucion korrektues i destinuar p\u00ebr akomodimin e personave t\u00eb paraburgosur\u00a0 madhor t\u00eb gjinis\u00eb mashkullore dhe personave t\u00eb d\u00ebnuar madhor\u00a0 meshkuj me koh\u00ebzgjatje t\u00eb d\u00ebnimit deri n\u00eb tre (3) muaj.\u00a0T\u00eb burgosurve me q\u00ebllim risocializimi dhe rehabilitimi n\u00eb p\u00ebrputhje me misionin e SHKK-s\u00eb, konform mund\u00ebsive dhe nevojave q\u00eb i ka institucioni, u ofrohen edhe angazhime n\u00eb pun\u00eb p\u00ebr t\u00eb cil\u00ebn ata paguhen me nj\u00eb shum\u00eb prej\u00a0 nj\u00eb ( 1 ) euro, shum\u00eb kjo e cila\u00a0 u ndihmon sado pak \u00a0\u00a0n\u00eb p\u00ebrballimin e shpenzimeve\u00a0 financiare.\u00a0Institucioni i Qendr\u00ebs s\u00eb Paraburgimit n\u00eb Prizren, p\u00ebr t\u00eb burgosurit, e n\u00eb ve\u00e7anti p\u00ebr t\u00eb d\u00ebnuar ofron\u00a0 aktivitete dhe loj\u00ebra, si : Pingpong, shah, etj<strong>.\u00a0<\/strong>T\u00eb d\u00ebnuarve u ofrohet pun\u00eb n\u00eb kuzhin\u00eb, lavanderi, pastrim dhe mir\u00ebmbajtje, pastrim t\u00eb oborrit dhe t\u00eb automjeteve.<\/p>\n<p><strong><u>Koha e Vizitave<\/u><\/strong><\/p>\n<p>Vizitat n\u00eb Qendr\u00ebn e Paraburgimit\u00a0 Prizren,\u00a0 si edhe n\u00eb t\u00eb gjitha institucionet\u00a0 tjera t\u00eb \u00a0SHKK-s\u00eb aplikohen n\u00eb baz\u00eb t\u00eb ligjit dhe rregulloreve n\u00eb fuqi.<br \/>\n<strong>E h<\/strong><strong>\u00ebn\u00eb<\/strong>: t\u00eb burgosurit e regjioneve tjera, prej 08: 30h deri n\u00eb 15:30h, pauza 12:00h deri n\u00eb 13:00h;<br \/>\n<strong>E m\u00ebrkur\u00eb:<\/strong>\u00a0t\u00eb d\u00ebnuarit e burgosur, prej 08: 30h deri n\u00eb 15:30h, pauza 12:00h deri n\u00eb 13:00h;<br \/>\n<strong>E enjte:<\/strong>\u00a0t\u00eb paraburgosurit e Gjykat\u00ebs Themelore n\u00eb Prizren, Departamenti i Krimeve t\u00eb R\u00ebnda, prej 08: 30h deri n\u00eb 15:30h, pauza 12:00h deri n\u00eb 13:00h;<br \/>\n<strong>E premte:<\/strong>\u00a0t\u00eb paraburgosurit e Gjykat\u00ebs Themelore n\u00eb Prizren, Departamenti i P\u00ebrgjithsh\u00ebm, prej 08: 30h deri n\u00eb 15:30h, pauza 12:00h deri n\u00eb 13:00h.<\/p>\n<p>\u00c7do i paraburgosur ka t\u00eb drejt\u00eb t\u00eb pranoj\u00eb n\u00eb vizit\u00eb 3 persona madhor\u00eb dhe 2 f\u00ebmij\u00eb;<br \/>\n\u00c7do i burgosur i d\u00ebnuar ka t\u00eb drejt\u00eb t\u00eb pranoj\u00eb n\u00eb vizit\u00eb 4 persona madhor\u00eb dhe 3 f\u00ebmij\u00eb.<\/p>\n<p><strong>Adresa:\u00a0<\/strong>Rr. \u201c Ibrahim Lutfiu\u201d nr 10, 20 000 Prizren<strong><br \/>\nKontakti:\u00a0<\/strong>044 \/ 425 418<\/p>\n","protected":false},"excerpt":{"rendered":"<p>Nd\u00ebrtesa e Qendr\u00ebs s\u00eb Paraburgimit n\u00eb Prizren \u00ebsht\u00eb nd\u00ebrtuar n\u00eb vitin 1964\u00a0 &#8211; 1965 nga materiali nd\u00ebrtimor p\u00ebr at\u00eb koh\u00eb kualitativ, e q\u00eb ka funksionuar deri me 12.06.1999 me sistemin e m\u00ebhersh\u00ebm. Pas p\u00ebrfundimit t\u00eb luft\u00ebs deri me 28.11.1999, Qendra e Paraburgimit n\u00eb Prizren \u00ebsht\u00eb menaxhuar\u00a0 n\u00eb t\u00ebr\u00ebsi nga KFORI Gjerman. Q\u00eb nga data 28.11.1999, [&hellip;]<\/p>\n","protected":false},"author":1,"featured_media":0,"parent":0,"menu_order":0,"comment_status":"closed","ping_status":"closed","template":"about.php","meta":{"footnotes":""},"class_list":["post-1399","page","type-page","status-publish","hentry"],"acf":[],"_links":{"self":[{"href":"https:\/\/shkk.rks-gov.net\/sr\/wp-json\/wp\/v2\/pages\/1399","targetHints":{"allow":["GET"]}}],"collection":[{"href":"https:\/\/shkk.rks-gov.net\/sr\/wp-json\/wp\/v2\/pages"}],"about":[{"href":"https:\/\/shkk.rks-gov.net\/sr\/wp-json\/wp\/v2\/types\/page"}],"author":[{"embeddable":true,"href":"https:\/\/shkk.rks-gov.net\/sr\/wp-json\/wp\/v2\/users\/1"}],"replies":[{"embeddable":true,"href":"https:\/\/shkk.rks-gov.net\/sr\/wp-json\/wp\/v2\/comments?post=1399"}],"version-history":[{"count":1,"href":"https:\/\/shkk.rks-gov.net\/sr\/wp-json\/wp\/v2\/pages\/1399\/revisions"}],"predecessor-version":[{"id":1416,"href":"https:\/\/shkk.rks-gov.net\/sr\/wp-json\/wp\/v2\/pages\/1399\/revisions\/1416"}],"wp:attachment":[{"href":"https:\/\/shkk.rks-gov.net\/sr\/wp-json\/wp\/v2\/media?parent=1399"}],"curies":[{"name":"wp","href":"https:\/\/api.w.org\/{rel}","templated":true}]}}