{"id":1397,"date":"2023-12-04T14:24:35","date_gmt":"2023-12-04T14:24:35","guid":{"rendered":"https:\/\/shkk.rks-gov.net\/qendra-e-paraburgimit-peje\/"},"modified":"2023-12-04T17:02:06","modified_gmt":"2023-12-04T17:02:06","slug":"qendra-e-paraburgimit-peje","status":"publish","type":"page","link":"https:\/\/shkk.rks-gov.net\/sr\/qendra-e-paraburgimit-peje\/","title":{"rendered":"Pritvor u Pec"},"content":{"rendered":"<p>Qendra e Paraburgimit Pej\u00eb \u00ebsht\u00eb nd\u00ebrtuar gjat\u00eb viteve 1960-61, kurse nd\u00ebrtesa Drejtoris\u00eb \u00ebsht\u00eb nd\u00ebrtuar gjat\u00eb viteve 1984-1987.\u00a0Pas p\u00ebrfundimit t\u00eb luft\u00ebs 1999 e deri me 20.10.2000 ka qen\u00eb n\u00ebn administrimin e KFOR-it, UNMIK-ut. Prej muajit Tetor 2000 ky institucion ka kaluar n\u00ebn administrimin e DMP-(UNMIK-UT) i udh\u00ebhequr nga stafi menaxhues nd\u00ebrkomb\u00ebtar.\u00a0M\u00eb 01 shkurt t\u00eb vitit 2005 kompetencat jan\u00eb dor\u00ebzuar tek stafi menaxhues vendor, ku\u00a0 Q.P.Pej\u00eb\u00a0 \u00ebsht\u00eb nj\u00eb nd\u00ebr burgjet e para\u00a0 q\u00eb \u00ebsht\u00eb\u00a0 pavar\u00ebsuar\u00a0 dhe udh\u00ebhequr\u00a0 nga\u00a0 stafi vendor.\u00a0Kapaciteti\u00a0 i tanish\u00ebm\u00a0\u00a0 n\u00eb Q.P.Pej\u00eb \u00ebsht\u00eb total 84 shtret\u00ebr (\u00a0 80 shtret\u00ebr\u00a0 + 4 dhoma te ve\u00e7imit ) ,ku\u00a0 prej tyre 16 shtret\u00ebr jan\u00eb\u00a0 t\u00eb dedikuar p\u00ebr\u00a0 persona t\u00eb d\u00ebnuar\u00a0 dhe\u00a0 64 shtret\u00ebr p\u00ebr persona t\u00eb paraburgosur.\u00a0N\u00eb Qendr\u00ebn e Paraburgimit Pej\u00eb, pranohen t\u00eb paraburgosurit e regjioneve t\u00eb af\u00ebrta me Pej\u00ebn, si dhe personat p\u00ebr vuajte t\u00eb d\u00ebnimit deri n\u00eb 03 muaj.\u00a0Qendra e Paraburgimit Pej\u00eb aplikon regjimin Standard\u00a0 p\u00ebr t\u00eb Paraburgosurit dhe t\u00eb Avancuar p\u00ebr t\u00eb d\u00ebnuarit, t\u00eb\u00a0 cil\u00ebt angazhohen n\u00eb pun\u00eb\u00a0 si; kuzhin\u00eb, mir\u00ebmbajtje etj.<\/p>\n<p><strong><u>Vizitat\u00a0 Familjare\/ Avokat\u00ebve etj.<\/u><\/strong><br \/>\nVizitat n\u00eb Qendr\u00ebn e Paraburgimit n\u00eb\u00a0 Pej\u00eb,\u00a0 si edhe n\u00eb t\u00eb gjitha institucionet\u00a0 tjera t\u00eb \u00a0SHKK-s\u00eb aplikohen n\u00eb baz\u00eb t\u00eb ligjit dhe rregulloreve n\u00eb fuqi.\u00a0Orari i vizitave: P\u00ebr t\u00eb paraburgosurit: E h\u00ebn\u00eb, mart\u00eb, m\u00ebrkur\u00eb. P\u00ebr t\u00eb denuarin dit\u00ebn e enjte.<br \/>\nP\u00ebr Avokat\u00eb c\u2019do dit\u00eb t\u00eb jav\u00ebs.\u00a0\u00c7do i burgosur ka t\u00eb drejt\u00eb t\u00eb pranoj\u00eb n\u00eb vizit\u00eb 3 persona madhor\u00eb.<\/p>\n<p><strong>Adresa:<\/strong>\u00a0Qendra e Paraburgimit Pej\u00eb Rruga \u201cDemonstratat 1968 \u201d Nr:03<br \/>\nPej\u00eb,\u00a0 30 000<\/p>\n<p><strong>Kontakti:<\/strong><br \/>\nTel: 039\/433\/645 dhe;<br \/>\nTel. centex: 67811<\/p>\n","protected":false},"excerpt":{"rendered":"<p>Qendra e Paraburgimit Pej\u00eb \u00ebsht\u00eb nd\u00ebrtuar gjat\u00eb viteve 1960-61, kurse nd\u00ebrtesa Drejtoris\u00eb \u00ebsht\u00eb nd\u00ebrtuar gjat\u00eb viteve 1984-1987.\u00a0Pas p\u00ebrfundimit t\u00eb luft\u00ebs 1999 e deri me 20.10.2000 ka qen\u00eb n\u00ebn administrimin e KFOR-it, UNMIK-ut. Prej muajit Tetor 2000 ky institucion ka kaluar n\u00ebn administrimin e DMP-(UNMIK-UT) i udh\u00ebhequr nga stafi menaxhues nd\u00ebrkomb\u00ebtar.\u00a0M\u00eb 01 shkurt t\u00eb vitit 2005 [&hellip;]<\/p>\n","protected":false},"author":1,"featured_media":0,"parent":0,"menu_order":0,"comment_status":"closed","ping_status":"closed","template":"about.php","meta":{"footnotes":""},"class_list":["post-1397","page","type-page","status-publish","hentry"],"acf":[],"_links":{"self":[{"href":"https:\/\/shkk.rks-gov.net\/sr\/wp-json\/wp\/v2\/pages\/1397","targetHints":{"allow":["GET"]}}],"collection":[{"href":"https:\/\/shkk.rks-gov.net\/sr\/wp-json\/wp\/v2\/pages"}],"about":[{"href":"https:\/\/shkk.rks-gov.net\/sr\/wp-json\/wp\/v2\/types\/page"}],"author":[{"embeddable":true,"href":"https:\/\/shkk.rks-gov.net\/sr\/wp-json\/wp\/v2\/users\/1"}],"replies":[{"embeddable":true,"href":"https:\/\/shkk.rks-gov.net\/sr\/wp-json\/wp\/v2\/comments?post=1397"}],"version-history":[{"count":1,"href":"https:\/\/shkk.rks-gov.net\/sr\/wp-json\/wp\/v2\/pages\/1397\/revisions"}],"predecessor-version":[{"id":1415,"href":"https:\/\/shkk.rks-gov.net\/sr\/wp-json\/wp\/v2\/pages\/1397\/revisions\/1415"}],"wp:attachment":[{"href":"https:\/\/shkk.rks-gov.net\/sr\/wp-json\/wp\/v2\/media?parent=1397"}],"curies":[{"name":"wp","href":"https:\/\/api.w.org\/{rel}","templated":true}]}}