{"id":1393,"date":"2023-12-04T14:21:47","date_gmt":"2023-12-04T14:21:47","guid":{"rendered":"https:\/\/shkk.rks-gov.net\/qendra-e-paraburgimit-ne-lipjan\/"},"modified":"2023-12-04T17:01:55","modified_gmt":"2023-12-04T17:01:55","slug":"qendra-e-paraburgimit-ne-lipjan","status":"publish","type":"page","link":"https:\/\/shkk.rks-gov.net\/sr\/qendra-e-paraburgimit-ne-lipjan\/","title":{"rendered":"Centar za popravnu obuku Lipjan"},"content":{"rendered":"<p>Qendra \u00ebsht\u00eb nd\u00ebrtuar n\u00eb vitin 2003 fillimisht si institucion i paraburgimit p\u00ebr gjini mashkullore, nd\u00ebrsa sot \u00ebsht\u00eb Qender Korrektuese p\u00ebr Femra. \u00cbsht\u00eb nd\u00ebrtuar nga organet nd\u00ebrkomtare administrata e UNMIK-ut dhe \u00ebsht\u00eb menaxhuar nga ata deri n\u00eb vitin 2006. Kjo Qend\u00ebr n\u00eb shtator 2004 \u00ebsht\u00eb mbyllur p\u00ebr shkaqe teknike, dhe si pasoj\u00eb e d\u00ebmtimeve teknike q\u00eb ka pasur kjo Qend\u00ebr \u00ebsht\u00eb riparuar dhe \u00ebsht\u00eb rihapur ne tetor te vitit 2007, ku vazhdon te punoj edhe m\u00eb tutje n\u00ebn menaxhimin e Ministris\u00eb s\u00eb Drejt\u00ebsis\u00eb, p\u00ebrkat\u00ebsisht Drejtoris\u00eb Qendrore.\u00a0N\u00eb vitin 2006 kompetencat jan\u00eb dor\u00ebzuar tek stafi menaxhues vendor. Kjo Qend\u00ebr \u00ebsht\u00eb e dizajnuar\u00a0 p\u00ebr kapacitet n\u00eb objekt banimi deri n\u00eb 170 t\u00eb burgosura.<\/p>\n<p><strong>Hap\u00ebsirat<\/strong><\/p>\n<p>Qendra Paraburgimit e Lipjanit ka hapsir\u00eb n\u00eb kufizimin e rrethoj\u00eb s\u00eb siguris\u00eb 5 hektar ku p\u00ebrfshihet: porta, vizitat, objekti i banimit, sh\u00ebtitoret, fushat sportive, kopshti, parkingu, administrata-drejtoria dhe kuzhina.<\/p>\n<p><strong>Situata momentale<\/strong><\/p>\n<p>Momentalisht QP Lipjanit ka t\u00eb paraburgosur t\u00eb akuzuar p\u00ebr veprave t\u00eb ndryshme penale, dhe nj\u00eb num\u00ebr t\u00eb vog\u00ebl t\u00eb d\u00ebnuarve t\u00eb cil\u00ebt i mbajm\u00eb p\u00ebr kryerjen e disa pun\u00ebve si n\u00eb kuzhin\u00eb, lavanteri dhe pastrim jasht\u00eb objektit.<\/p>\n<p><strong>Tretmani dhe programet q\u00eb ofrohen<\/strong><\/p>\n<p>T\u00eb burgosurit kan\u00eb qasje brenda dit\u00ebs ne aktivitete t\u00eb ndryshme, si: sh\u00ebtitje n\u00eb aj\u00ebr t\u00eb past\u00ebr, bibliotek\u00eb me nj\u00eb num\u00ebr t\u00eb kufizuar t\u00eb librave t\u00eb lamive t\u00eb ndryshme, t\u00eb cilat iu epen n\u00eb lexim t\u00eb burgosurve t\u00eb interesuar.<\/p>\n<p><strong>Synimet:<\/strong><\/p>\n<p>Synojm\u00eb t\u00eb kemi nj\u00eb staf psiko-fizikisht t\u00eb p\u00ebrgatitur, t\u00eb motivuar dhe stimuluar p\u00ebr pun\u00eb profesionale dhe me p\u00ebrgjegj\u00ebsi q\u00eb jan\u00eb duke i kryer.<\/p>\n<p><strong>ORARI I VIZITAVE FAMILJARE P\u00cbR T\u00cb PARABURGOSUR DHE T\u00cb D\u00cbNUAR<\/strong><\/p>\n<p>P\u00cbR T\u00cb D\u00cbNUAR VIZITAT DO T\u00cb MBAHEN VET\u00cbM DIT\u00cbN E EJTE T\u00cb JAV\u00cbS<\/p>\n<table border=\"1\" width=\"607\" cellspacing=\"0\" cellpadding=\"0\">\n<tbody>\n<tr>\n<td><\/td>\n<td>\n<p align=\"center\"><strong>Para dite<\/strong><\/p>\n<\/td>\n<td><strong>\u00a0\u00a0\u00a0\u00a0\u00a0\u00a0\u00a0\u00a0\u00a0\u00a0\u00a0\u00a0\u00a0\u00a0\u00a0\u00a0\u00a0\u00a0 Pas dite\u00a0\u00a0\u00a0\u00a0\u00a0\u00a0\u00a0\u00a0\u00a0\u00a0\u00a0\u00a0\u00a0\u00a0\u00a0\u00a0<\/strong><\/td>\n<td><\/td>\n<\/tr>\n<tr>\n<td>\n<p align=\"center\"><strong>E h\u00ebn\u00eb<\/strong><\/p>\n<\/td>\n<td>\n<p align=\"center\"><strong>Prej 08:30 deri 12:00<\/strong><\/p>\n<\/td>\n<td>\n<p align=\"center\"><strong>Prej 13:00 deri 16:00<\/strong><\/p>\n<\/td>\n<td>T\u00cb PARABURGOSURIT<\/td>\n<\/tr>\n<tr>\n<td><\/td>\n<td><\/td>\n<td><\/td>\n<td><\/td>\n<\/tr>\n<tr>\n<td>\n<p align=\"center\"><strong>E mart\u00eb<\/strong><\/p>\n<\/td>\n<td>\n<p align=\"center\"><strong>Prej 08:30 deri 12:00<\/strong><\/p>\n<\/td>\n<td>\n<p align=\"center\"><strong>Prej 13:00 deri 16:00<\/strong><\/p>\n<\/td>\n<td>T\u00cb PARABURGOSURIT<\/td>\n<\/tr>\n<tr>\n<td><\/td>\n<td><\/td>\n<td><\/td>\n<td><\/td>\n<\/tr>\n<tr>\n<td>\n<p align=\"center\"><strong>E m\u00ebrkur\u00eb<\/strong><\/p>\n<\/td>\n<td>\n<p align=\"center\"><strong>Prej 08:30 deri 12:00<\/strong><\/p>\n<\/td>\n<td>\n<p align=\"center\"><strong>Prej 13:00 deri 16:00<\/strong><\/p>\n<\/td>\n<td>T\u00cb PARABURGOSURIT<\/td>\n<\/tr>\n<tr>\n<td><\/td>\n<td><\/td>\n<td><\/td>\n<td><\/td>\n<\/tr>\n<tr>\n<td>\n<p align=\"center\"><strong>E enj\u00ebte<\/strong><\/p>\n<\/td>\n<td>\n<p align=\"center\"><strong>Prej 08:30 deri 12:00<\/strong><\/p>\n<\/td>\n<td>\n<p align=\"center\"><strong>Prej 13:00 deri 16:00<\/strong><\/p>\n<\/td>\n<td>T\u00cb D\u00cbNUARIT<\/td>\n<\/tr>\n<tr>\n<td><\/td>\n<td><\/td>\n<td><\/td>\n<td><\/td>\n<\/tr>\n<tr>\n<td>\n<p align=\"center\"><strong>E premte<\/strong><\/p>\n<\/td>\n<td>\n<p align=\"center\"><strong>Prej 08:30 deri 12:00<\/strong><\/p>\n<\/td>\n<td>\n<p align=\"center\"><strong>Prej 13:00 deri 16:00<\/strong><\/p>\n<\/td>\n<td>T\u00cb PARABURGOSURIT<\/td>\n<\/tr>\n<tr>\n<td><\/td>\n<td><\/td>\n<td><\/td>\n<td><\/td>\n<\/tr>\n<\/tbody>\n<\/table>\n<p><strong>Vizitat do t\u00eb mbahen me grupe duke filluar nga ora 08:20 me dor\u00ebzimin e lejeve<\/strong><\/p>\n<p><strong>Paradite :\u00a0 \u00a0 \u00a0 \u00a0 \u00a0 \u00a0 \u00a0 \u00a0 \u00a0 \u00a0 \u00a0 \u00a0 \u00a0 \u00a0 \u00a0 \u00a0 \u00a0 \u00a0 \u00a0 \u00a0 \u00a0 \u00a0 \u00a0 \u00a0 \u00a0 \u00a0 \u00a0 \u00a0 \u00a0 \u00a0 \u00a0 \u00a0 \u00a0 \u00a0 \u00a0 \u00a0 \u00a0 \u00a0 \u00a0 \u00a0 Pasdite:<\/strong><br \/>\nGrupi i par\u00eb\u00a0 08:30 &#8211; \u00a009:20\u00a0\u00a0\u00a0\u00a0\u00a0\u00a0\u00a0\u00a0\u00a0\u00a0\u00a0\u00a0\u00a0\u00a0\u00a0\u00a0\u00a0\u00a0\u00a0\u00a0\u00a0 \u00a0\u00a0\u00a0\u00a0\u00a0\u00a0\u00a0\u00a0\u00a0\u00a0\u00a0\u00a0\u00a0\u00a0\u00a0\u00a0\u00a0\u00a0\u00a0\u00a0\u00a0\u00a0\u00a0\u00a0\u00a0\u00a0\u00a0\u00a0Grupi i par\u00eb\u00a0 \u00a013:00 &#8211; 13:50<br \/>\nGrupi i dyt\u00eb\u00a0 09:30 &#8211; 10:20\u00a0\u00a0\u00a0\u00a0\u00a0\u00a0\u00a0\u00a0\u00a0\u00a0\u00a0\u00a0\u00a0\u00a0\u00a0\u00a0\u00a0\u00a0\u00a0\u00a0\u00a0 \u00a0\u00a0\u00a0\u00a0\u00a0\u00a0\u00a0\u00a0\u00a0\u00a0\u00a0\u00a0\u00a0\u00a0\u00a0\u00a0\u00a0\u00a0\u00a0\u00a0\u00a0\u00a0\u00a0\u00a0\u00a0\u00a0\u00a0\u00a0\u00a0Grupi i dyt\u00eb\u00a0\u00a0 14:00 &#8211; 14:50<br \/>\nGrupi i tret\u00eb\u00a0 10:30 &#8211; 11:20\u00a0\u00a0\u00a0\u00a0\u00a0\u00a0\u00a0\u00a0\u00a0\u00a0\u00a0\u00a0\u00a0\u00a0\u00a0\u00a0\u00a0\u00a0\u00a0\u00a0\u00a0\u00a0 \u00a0\u00a0\u00a0\u00a0\u00a0\u00a0\u00a0\u00a0\u00a0\u00a0\u00a0\u00a0\u00a0\u00a0\u00a0\u00a0\u00a0\u00a0\u00a0\u00a0\u00a0\u00a0\u00a0\u00a0\u00a0\u00a0\u00a0\u00a0Grupi i tret\u00eb\u00a0\u00a0 15:00 &#8211; 15:50<\/p>\n<p>Vizitat p\u00ebr t\u00eb paraburgosur mbahen\u00a0<strong>30 minuta<\/strong>.<br \/>\nVizitat p\u00ebr t\u00eb d\u00ebnuar mbahen\u00a0<strong>60 minuta.<\/strong><\/p>\n<p><em>Vizitat p\u00ebr t\u00eb paraburgosur mund t\u00eb realizohen vet\u00ebm at\u00ebher\u00eb kur\u00eb vizitor\u00ebt jan\u00eb t\u00eb pajisur me lej\u00ebn nga gjykatat.<\/em><\/p>\n<p><strong>ORARI I VIZITAVE ME AVOKAT<\/strong><br \/>\n<strong>Vizitat me avokat\u00a0 lejohen gjat\u00eb t\u00ebr\u00eb jav\u00ebs prej\u00eb or\u00ebs 08:30 deri 11:30 dhe pasdite prej or\u00ebs 13:00 deri 15:30.<\/strong><\/p>\n<p><strong><em>Pjes\u00eb p\u00ebrb\u00ebr\u00ebse e k\u00ebtij\u00eb orari \u00ebsht\u00eb Rendi Sht\u00ebpiak, Rutina Ditore dhe Udh\u00ebzimi Administrativ p\u00ebr vizitat e t\u00eb burgosurve.<\/em><\/strong><\/p>\n<p><strong>\u00a0Fillon s\u00eb zbatuari nga data 17.06.2019<\/strong><\/p>\n<p><strong>Adresa:\u00a0<\/strong>Qendra Korrektuese p\u00eb Femra Lipjan, rruga Ismet Asllani . Nr-8<br \/>\n14000 Lipjan<br \/>\n<strong>Kontakti:\u00a0<\/strong><br \/>\n038 580 354 &amp; 038 200 18591;<br \/>\n044 641 547.<\/p>\n","protected":false},"excerpt":{"rendered":"<p>Qendra \u00ebsht\u00eb nd\u00ebrtuar n\u00eb vitin 2003 fillimisht si institucion i paraburgimit p\u00ebr gjini mashkullore, nd\u00ebrsa sot \u00ebsht\u00eb Qender Korrektuese p\u00ebr Femra. \u00cbsht\u00eb nd\u00ebrtuar nga organet nd\u00ebrkomtare administrata e UNMIK-ut dhe \u00ebsht\u00eb menaxhuar nga ata deri n\u00eb vitin 2006. Kjo Qend\u00ebr n\u00eb shtator 2004 \u00ebsht\u00eb mbyllur p\u00ebr shkaqe teknike, dhe si pasoj\u00eb e d\u00ebmtimeve teknike q\u00eb [&hellip;]<\/p>\n","protected":false},"author":1,"featured_media":0,"parent":0,"menu_order":0,"comment_status":"closed","ping_status":"closed","template":"about.php","meta":{"footnotes":""},"class_list":["post-1393","page","type-page","status-publish","hentry"],"acf":[],"_links":{"self":[{"href":"https:\/\/shkk.rks-gov.net\/sr\/wp-json\/wp\/v2\/pages\/1393","targetHints":{"allow":["GET"]}}],"collection":[{"href":"https:\/\/shkk.rks-gov.net\/sr\/wp-json\/wp\/v2\/pages"}],"about":[{"href":"https:\/\/shkk.rks-gov.net\/sr\/wp-json\/wp\/v2\/types\/page"}],"author":[{"embeddable":true,"href":"https:\/\/shkk.rks-gov.net\/sr\/wp-json\/wp\/v2\/users\/1"}],"replies":[{"embeddable":true,"href":"https:\/\/shkk.rks-gov.net\/sr\/wp-json\/wp\/v2\/comments?post=1393"}],"version-history":[{"count":1,"href":"https:\/\/shkk.rks-gov.net\/sr\/wp-json\/wp\/v2\/pages\/1393\/revisions"}],"predecessor-version":[{"id":1413,"href":"https:\/\/shkk.rks-gov.net\/sr\/wp-json\/wp\/v2\/pages\/1393\/revisions\/1413"}],"wp:attachment":[{"href":"https:\/\/shkk.rks-gov.net\/sr\/wp-json\/wp\/v2\/media?parent=1393"}],"curies":[{"name":"wp","href":"https:\/\/api.w.org\/{rel}","templated":true}]}}