{"id":1391,"date":"2023-12-04T14:20:27","date_gmt":"2023-12-04T14:20:27","guid":{"rendered":"https:\/\/shkk.rks-gov.net\/qendra-e-paraburgimit-mitrovice\/"},"modified":"2023-12-04T17:01:44","modified_gmt":"2023-12-04T17:01:44","slug":"qendra-e-paraburgimit-mitrovice","status":"publish","type":"page","link":"https:\/\/shkk.rks-gov.net\/sr\/qendra-e-paraburgimit-mitrovice\/","title":{"rendered":"Zatvorski centar u Mitrovici"},"content":{"rendered":"<p><strong>Historiku<\/strong><\/p>\n<p>Qendra e Paraburgimit n\u00eb Mitrovic\u00eb \u00ebsht\u00eb nd\u00ebrtuar n\u00eb vitin 1964. Pas luft\u00ebs gjer\u00eb n\u00eb vitin 2000 ky institucion ka qen\u00eb n\u00ebn administrimin e KFOR-it francez. N\u00eb vitin 2000 kompetencat nga KFOR-i jan\u00eb transferuar tek DMP-ja dhe Policia e UNMIK-ut.\u00a0Me 27 shtator 2005, kompetencat jan\u00eb transferuar nga stafi nd\u00ebrkomb\u00ebtar tek stafi vendor.\u00a0N\u00eb Qendr\u00ebn e Paraburgimit n\u00eb Mitrovic\u00eb pranohen t\u00eb paraburgosurit, si dhe t\u00eb d\u00ebnuarit n\u00eb d\u00ebnim t\u00eb shqiptuar n\u00ebn 20 vite, t\u00eb burgosurit jan\u00eb t\u00eb nacionaliteteve t\u00eb ndryshme dhe jan\u00eb t\u00eb vendosur n\u00eb dy kate. Institucioni ka kapacitet p\u00ebr 54 t\u00eb burgosur.\u00a0Qendra e Paraburgimit n\u00eb Mitrovic\u00eb ofron 3 regjime p\u00ebr t\u00eb burgosur at\u00eb themelor, standard, avancuar, si dhe mund\u00ebsi t\u00eb pun\u00ebsimit n\u00eb kuzhin\u00eb, pastrim, si dhe pun\u00eb ndihm\u00ebse t\u00eb tjera.<\/p>\n<p><strong><u>Vizitat Familjare\/ Avokat\u00ebve etj<\/u><\/strong><strong><u>.<\/u><\/strong><br \/>\nVizitat n\u00eb Qendr\u00ebn e Paraburgimit n\u00eb\u00a0 Mitrovic\u00eb,\u00a0 si edhe n\u00eb t\u00eb gjitha institucionet\u00a0 tjera t\u00eb\u00a0 SHKK-s\u00eb aplikohen n\u00eb baz\u00eb t\u00eb ligjit dhe rregulloreve n\u00eb fuqi.\u00a0Vizita p\u00ebr personat e ndaluar &#8211; t\u00eb h\u00ebn\u00ebn &#8211; nga ora 09: 00-12: 00 dhe nga ora 13: 00 deri n\u00eb 15: 00h;<br \/>\nVizita p\u00ebr personat e d\u00ebnuar &#8211; e mart\u00eb, e enjte, e premte &#8211; nga ora 09: 00 deri n\u00eb ora 12: 00 dhe nga ora 13: 00 deri n\u00eb 15: 00h.<br \/>\n\u00c7do i burgosur ka t\u00eb drejt\u00eb t\u00eb pranoj\u00eb n\u00eb vizit\u00eb 3 persona madhor\u00eb.<\/p>\n<p><strong>Adresa:\u00a0 <\/strong>Rr. \u201cFilipa Visnjica\u201d pn<br \/>\n<strong>Kontakti:\u00a0<\/strong>045 999 790,<br \/>\n<strong>Centrex<\/strong>: 67912<\/p>\n","protected":false},"excerpt":{"rendered":"<p>Historiku Qendra e Paraburgimit n\u00eb Mitrovic\u00eb \u00ebsht\u00eb nd\u00ebrtuar n\u00eb vitin 1964. Pas luft\u00ebs gjer\u00eb n\u00eb vitin 2000 ky institucion ka qen\u00eb n\u00ebn administrimin e KFOR-it francez. N\u00eb vitin 2000 kompetencat nga KFOR-i jan\u00eb transferuar tek DMP-ja dhe Policia e UNMIK-ut.\u00a0Me 27 shtator 2005, kompetencat jan\u00eb transferuar nga stafi nd\u00ebrkomb\u00ebtar tek stafi vendor.\u00a0N\u00eb Qendr\u00ebn e Paraburgimit [&hellip;]<\/p>\n","protected":false},"author":1,"featured_media":0,"parent":0,"menu_order":0,"comment_status":"closed","ping_status":"closed","template":"about.php","meta":{"footnotes":""},"class_list":["post-1391","page","type-page","status-publish","hentry"],"acf":[],"_links":{"self":[{"href":"https:\/\/shkk.rks-gov.net\/sr\/wp-json\/wp\/v2\/pages\/1391","targetHints":{"allow":["GET"]}}],"collection":[{"href":"https:\/\/shkk.rks-gov.net\/sr\/wp-json\/wp\/v2\/pages"}],"about":[{"href":"https:\/\/shkk.rks-gov.net\/sr\/wp-json\/wp\/v2\/types\/page"}],"author":[{"embeddable":true,"href":"https:\/\/shkk.rks-gov.net\/sr\/wp-json\/wp\/v2\/users\/1"}],"replies":[{"embeddable":true,"href":"https:\/\/shkk.rks-gov.net\/sr\/wp-json\/wp\/v2\/comments?post=1391"}],"version-history":[{"count":1,"href":"https:\/\/shkk.rks-gov.net\/sr\/wp-json\/wp\/v2\/pages\/1391\/revisions"}],"predecessor-version":[{"id":1412,"href":"https:\/\/shkk.rks-gov.net\/sr\/wp-json\/wp\/v2\/pages\/1391\/revisions\/1412"}],"wp:attachment":[{"href":"https:\/\/shkk.rks-gov.net\/sr\/wp-json\/wp\/v2\/media?parent=1391"}],"curies":[{"name":"wp","href":"https:\/\/api.w.org\/{rel}","templated":true}]}}