{"id":1389,"date":"2023-12-04T14:17:38","date_gmt":"2023-12-04T14:17:38","guid":{"rendered":"https:\/\/shkk.rks-gov.net\/qendra-e-paraburgimit-gjilan\/"},"modified":"2023-12-04T17:01:37","modified_gmt":"2023-12-04T17:01:37","slug":"qendra-e-paraburgimit-gjilan","status":"publish","type":"page","link":"https:\/\/shkk.rks-gov.net\/sr\/qendra-e-paraburgimit-gjilan\/","title":{"rendered":"Pritvorski centar u Gnjilanu"},"content":{"rendered":"<p><strong><u>Historiku<\/u><\/strong><\/p>\n<p>Qendra e Paraburgimit\u00a0 Gjilan \u00ebsht\u00eb nd\u00ebrtuar n\u00eb vitin 1957, fillimisht ka funksionuar n\u00ebn administrimin e Policis\u00eb Komunale t\u00eb Gjilanit, ky institucion pas lufte \u00ebsht\u00eb marr\u00eb n\u00ebn administrimin e KFOR-it, nd\u00ebrsa n\u00eb janar t\u00eb vitit 2000 mbik\u00ebqyrjen e ka pranuar Policia Civile Nd\u00ebrkomb\u00ebtare e UNMIK-ut, e cila ka vazhduar ta administroj k\u00ebt\u00eb institucion deri n\u00eb Shkurt t\u00eb vitit 2001, pastaj\u00a0 \u00ebsht\u00eb pranuar n\u00ebn administrim nga Sh\u00ebrbimi Korrektues i Kosov\u00ebs.\u00a0 Gjat\u00eb k\u00ebsaj periudhe ka qen\u00eb n\u00ebn udh\u00ebheqjen e personelit nd\u00ebrkomb\u00ebtar, n\u00eb prill t\u00eb vitit\u00a0 2005 \u00ebsht\u00eb b\u00ebr\u00eb transferimi i kompetencave tek stafi menaxhues vendor.\u00a0Nga vitit 2016\/2017, Qendra e Paraburgimit\u00a0 Gjilan largohet nga qendra e qytetit p\u00ebr tu vendosur n\u00eb objektin e ri, i cili gjendet n\u00eb \u00a0Fshatin Pasjak t\u00eb Komun\u00ebs s\u00eb Gjilanit.<\/p>\n<p>Qendra ka kapacitet\u00a0 p\u00ebr pranimin e 300 t\u00eb burgosurve dhe 1\/3 p\u00ebr t\u00eb d\u00ebnuar.<\/p>\n<p><strong><u>Koha e Vizitave<\/u><\/strong><br \/>\nVizitat n\u00eb Qendr\u00ebn e Paraburgimit\u00a0 Gjilan,\u00a0 si edhe n\u00eb t\u00eb gjitha institucionet\u00a0 tjera t\u00eb \u00a0SHKK-s\u00eb aplikohen n\u00eb baz\u00eb t\u00eb ligjit dhe rregulloreve n\u00eb fuqi.<\/p>\n<p>Vizita familjare dhe nga avokat\u00ebt\u00a0 zhvillohen \u00a0nga dita \u00a0H\u00ebn\u00eb\u00a0 deri t\u00eb Premten, prej or\u00ebs\u00a0 08:30 deri ora 15:30.<\/p>\n<p>\u00c7do i burgosur ka t\u00eb drejt\u00eb t\u00eb pranoj\u00eb n\u00eb vizit\u00eb 3 persona madhor\u00eb.<\/p>\n<p><strong>Adresa:<\/strong>\u00a0Qendra e Paraburgimit\u00a0 Gjilan, rruga magjistrale Gjilan \u2013Prishtin\u00eb, Fshatit Pasjak.<br \/>\n<strong>Kontakti: <\/strong>028 0323 646<\/p>\n","protected":false},"excerpt":{"rendered":"<p>Historiku Qendra e Paraburgimit\u00a0 Gjilan \u00ebsht\u00eb nd\u00ebrtuar n\u00eb vitin 1957, fillimisht ka funksionuar n\u00ebn administrimin e Policis\u00eb Komunale t\u00eb Gjilanit, ky institucion pas lufte \u00ebsht\u00eb marr\u00eb n\u00ebn administrimin e KFOR-it, nd\u00ebrsa n\u00eb janar t\u00eb vitit 2000 mbik\u00ebqyrjen e ka pranuar Policia Civile Nd\u00ebrkomb\u00ebtare e UNMIK-ut, e cila ka vazhduar ta administroj k\u00ebt\u00eb institucion deri n\u00eb [&hellip;]<\/p>\n","protected":false},"author":1,"featured_media":0,"parent":0,"menu_order":0,"comment_status":"closed","ping_status":"closed","template":"about.php","meta":{"footnotes":""},"class_list":["post-1389","page","type-page","status-publish","hentry"],"acf":[],"_links":{"self":[{"href":"https:\/\/shkk.rks-gov.net\/sr\/wp-json\/wp\/v2\/pages\/1389","targetHints":{"allow":["GET"]}}],"collection":[{"href":"https:\/\/shkk.rks-gov.net\/sr\/wp-json\/wp\/v2\/pages"}],"about":[{"href":"https:\/\/shkk.rks-gov.net\/sr\/wp-json\/wp\/v2\/types\/page"}],"author":[{"embeddable":true,"href":"https:\/\/shkk.rks-gov.net\/sr\/wp-json\/wp\/v2\/users\/1"}],"replies":[{"embeddable":true,"href":"https:\/\/shkk.rks-gov.net\/sr\/wp-json\/wp\/v2\/comments?post=1389"}],"version-history":[{"count":1,"href":"https:\/\/shkk.rks-gov.net\/sr\/wp-json\/wp\/v2\/pages\/1389\/revisions"}],"predecessor-version":[{"id":1411,"href":"https:\/\/shkk.rks-gov.net\/sr\/wp-json\/wp\/v2\/pages\/1389\/revisions\/1411"}],"wp:attachment":[{"href":"https:\/\/shkk.rks-gov.net\/sr\/wp-json\/wp\/v2\/media?parent=1389"}],"curies":[{"name":"wp","href":"https:\/\/api.w.org\/{rel}","templated":true}]}}