{"id":1404,"date":"2023-12-04T14:25:10","date_gmt":"2023-12-04T14:25:10","guid":{"rendered":"https:\/\/shkk.rks-gov.net\/qendra-korrektuese-ne-smrekonice\/"},"modified":"2023-12-04T17:09:32","modified_gmt":"2023-12-04T17:09:32","slug":"qendra-korrektuese-ne-smrekonice","status":"publish","type":"page","link":"https:\/\/shkk.rks-gov.net\/en\/qendra-korrektuese-ne-smrekonice\/","title":{"rendered":"Correctional Center in Smrekonica"},"content":{"rendered":"<p><strong>Historiku<\/strong><\/p>\n<p>Burgu i Smrekonic\u00ebs ka filluar s\u00eb funksionuari q\u00eb nga viti 1976, nd\u00ebrsa nga viti 2009 funksionon si Qendra Korrektuese dhe funksionon n\u00eb kuad\u00ebr t\u00eb Sh\u00ebrbimit Korrektues t\u00eb Kosov\u00ebs, gjegj\u00ebsisht n\u00eb kuad\u00ebr t\u00eb Ministris\u00eb s\u00eb Drejt\u00ebsis\u00eb.\u00a0N\u00eb Qendr\u00ebn Korrektuese Smrekonic\u00eb, kryhen d\u00ebnimet vet\u00ebm p\u00ebr t\u00eb d\u00ebnuar meshkuj t\u00eb mosh\u00ebs madhore me vendime t\u00eb plotfuqishme t\u00eb gjykat\u00ebs kompetente.\u00a0Qendra Korrektuese Smrekonic\u00eb \u00ebsht\u00eb institucion korrektues i tipit t\u00eb hapur (burg i tipit t\u00eb hapur), me kapacitet prej 200 t\u00eb d\u00ebnuarve, ku b\u00ebhet ekzekutimi i sanksioneve penale &#8211; d\u00ebnimeve deri n\u00eb tri (3) vite.\u00a0Kushtet e p\u00ebrgjithshme n\u00eb institucion jan\u00eb n\u00eb p\u00ebrputhje me k\u00ebrkesat dhe normat nd\u00ebrkomb\u00ebtare, si p\u00ebr nga vendosja e t\u00eb t\u00eb d\u00ebnuarve, trajtimi i tyre: sh\u00ebndeti, ushqimi dhe pun\u00ebsimi i tyre n\u00eb kapacitetet q\u00eb posedon institucioni.\u00a0Regjimi n\u00eb Qendr\u00ebn Korrektuese Smrekonic\u00eb \u00ebsht\u00eb regjim i avansuar.\u00a0N\u00eb Qendr\u00ebn Korrektuese Smrekonic\u00eb funksionojn\u00eb sh\u00ebrbimet profesionale: sh\u00ebrbimi sh\u00ebndet\u00ebsor, sh\u00ebrbimi i lavantaris\u00eb, sh\u00ebrbimi i kuzhin\u00ebs, sh\u00ebrbimi i vizitave, sh\u00ebrbimi i \u00a0aktiviteteve t\u00eb lira, sh\u00ebrbimi i nj\u00ebsis\u00eb ekonomike, sh\u00ebrbimi i zyr\u00ebs p\u00ebr programe, regjime dhe \u00e7\u00ebshtje sociale, sh\u00ebrbimi i ekzekutivit, sh\u00ebrbimi i paras\u00eb private p\u00ebr t\u00eb burgosur(depozit\/kantin\u00eb).\u00a0Qendra Korrektuese Smrekonic\u00eb, disponon sh\u00ebrbim t\u00eb bibliotek\u00ebs, salla t\u00eb leximit, dy terrene sportive, sall\u00ebn e aktiviteteve t\u00eb lira me sall\u00eb\u00a0 fitnesi dhe tabela t\u00eb pingpongut.\u00a0Po ashtu, Qendra ka n\u00eb dispozicion edhe Floktarin\u00eb, Pun\u00ebtorin\u00eb e Automekanikes dhe Gomisteris\u00eb, si dhe n\u00eb kuad\u00ebr t\u00eb \u00a0nj\u00ebsis\u00eb ekonomike b\u00ebn\u00eb \u00a0kultivimin e kulturave bujq\u00ebsore, etj.<\/p>\n<p><strong><u>Vizitat\u00a0 Familjare\/ Avokat\u00ebve etj.<\/u><\/strong><\/p>\n<p>Vizitat n\u00eb Qendr\u00ebn Korrektuese n\u00eb Smrekonic\u00eb,\u00a0 si edhe n\u00eb t\u00eb gjitha institucionet\u00a0 tjera t\u00eb\u00a0 SHKK-s\u00eb aplikohen n\u00eb baz\u00eb t\u00eb ligjit dhe rregulloreve n\u00eb fuqi.<br \/>\nVizitat\u00a0 zhvillohen t\u00eb\u00a0 shtun\u00ebn dhe t\u00eb diel\u00ebn.<br \/>\nNga ora 08:30 deri ora 16:00.<\/p>\n<p>\u00c7do i burgosur ka t\u00eb drejt\u00eb t\u00eb pranoj\u00eb n\u00eb vizit\u00eb 3 persona madhor\u00eb.<\/p>\n<p><strong>Adresa:\u00a0<\/strong>Qendra Korrektuese Smrekonic\u00eb, 42000 Vushtrri, Republika e Kosov\u00ebs.<br \/>\n<strong>Kontakti:<\/strong>\u00a0\u00a0\u00a0045 262 641, 038 200 18623<\/p>\n","protected":false},"excerpt":{"rendered":"<p>Historiku Burgu i Smrekonic\u00ebs ka filluar s\u00eb funksionuari q\u00eb nga viti 1976, nd\u00ebrsa nga viti 2009 funksionon si Qendra Korrektuese dhe funksionon n\u00eb kuad\u00ebr t\u00eb Sh\u00ebrbimit Korrektues t\u00eb Kosov\u00ebs, gjegj\u00ebsisht n\u00eb kuad\u00ebr t\u00eb Ministris\u00eb s\u00eb Drejt\u00ebsis\u00eb.\u00a0N\u00eb Qendr\u00ebn Korrektuese Smrekonic\u00eb, kryhen d\u00ebnimet vet\u00ebm p\u00ebr t\u00eb d\u00ebnuar meshkuj t\u00eb mosh\u00ebs madhore me vendime t\u00eb plotfuqishme t\u00eb gjykat\u00ebs [&hellip;]<\/p>\n","protected":false},"author":1,"featured_media":0,"parent":0,"menu_order":0,"comment_status":"closed","ping_status":"closed","template":"about.php","meta":{"footnotes":""},"class_list":["post-1404","page","type-page","status-publish","hentry"],"acf":[],"_links":{"self":[{"href":"https:\/\/shkk.rks-gov.net\/en\/wp-json\/wp\/v2\/pages\/1404","targetHints":{"allow":["GET"]}}],"collection":[{"href":"https:\/\/shkk.rks-gov.net\/en\/wp-json\/wp\/v2\/pages"}],"about":[{"href":"https:\/\/shkk.rks-gov.net\/en\/wp-json\/wp\/v2\/types\/page"}],"author":[{"embeddable":true,"href":"https:\/\/shkk.rks-gov.net\/en\/wp-json\/wp\/v2\/users\/1"}],"replies":[{"embeddable":true,"href":"https:\/\/shkk.rks-gov.net\/en\/wp-json\/wp\/v2\/comments?post=1404"}],"version-history":[{"count":1,"href":"https:\/\/shkk.rks-gov.net\/en\/wp-json\/wp\/v2\/pages\/1404\/revisions"}],"predecessor-version":[{"id":1432,"href":"https:\/\/shkk.rks-gov.net\/en\/wp-json\/wp\/v2\/pages\/1404\/revisions\/1432"}],"wp:attachment":[{"href":"https:\/\/shkk.rks-gov.net\/en\/wp-json\/wp\/v2\/media?parent=1404"}],"curies":[{"name":"wp","href":"https:\/\/api.w.org\/{rel}","templated":true}]}}