{"id":1402,"date":"2023-12-04T14:26:47","date_gmt":"2023-12-04T14:26:47","guid":{"rendered":"https:\/\/shkk.rks-gov.net\/qendra-korrektuese-ne-dubrave\/"},"modified":"2023-12-04T17:09:26","modified_gmt":"2023-12-04T17:09:26","slug":"qendra-korrektuese-ne-dubrave","status":"publish","type":"page","link":"https:\/\/shkk.rks-gov.net\/en\/qendra-korrektuese-ne-dubrave\/","title":{"rendered":"Correctional Center in Dubrava"},"content":{"rendered":"<p>Qendra Korrektuese e\u00a0 Dubrav\u00ebs \u00ebsht\u00eb qend\u00ebr e tipit t\u00eb mbyllur, e cila n\u00eb kuad\u00ebr t\u00eb nj\u00ebsive p\u00ebrb\u00ebr\u00ebse dhe pavijoneve b\u00ebn pranimin dhe vendosjen e t\u00eb d\u00ebnuarve prej 3 muaj deri n\u00eb 15 vite d\u00ebnim.\u00a0Qendra Korrektuese e Dubrav\u00ebs ka nj\u00eb sip\u00ebrfaqe prej 130 hektar\u00ebsh, nga kjo sip\u00ebrfaqe e p\u00ebrgjithshme, 24 hektar\u00eb jan\u00eb t\u00eb rrethuara me muri t\u00eb lart\u00eb dhe kjo hap\u00ebsir\u00eb \u00ebsht\u00eb e ndar\u00eb me mur n\u00eb dy pjes\u00eb t\u00eb barabarta n\u00eb zon\u00ebn e banueshme ku jan\u00eb t\u00eb vendosur t\u00eb burgosur t\u00eb d\u00ebnuar t\u00eb rritur (meshkuj) dhe zon\u00ebn bujq\u00ebsore (industriale) q\u00eb \u00ebsht\u00eb zona p\u00ebr zhvillimin bujq\u00ebsis\u00eb dhe p\u00ebrdorime t\u00eb tjera.\u00a0N\u00eb pjes\u00ebn e brendshme gjenden 9 (objekte) pavijone, nd\u00ebrsa n\u00eb pjes\u00ebn e jashtme jan\u00eb Pavijoni Gjysm\u00eb i Hapur, ku vendosen t\u00eb d\u00ebnuarit e regjimit m\u00eb t\u00eb avancuar dhe t\u00eb gjith\u00eb t\u00eb burgosurit jan\u00eb t\u00eb angazhuar n\u00eb pun\u00eb, dhe Pavijoni \u201cD\u201d ku vendosen t\u00eb d\u00ebnuarit bashk\u00ebpun\u00ebtor\u00eb t\u00eb drejt\u00ebsis\u00eb, kapaciteti i plot\u00eb i k\u00ebsaj qendre korrektuese \u00ebsht\u00eb 1175 t\u00eb burgosur.<\/p>\n<p>N\u00eb ket\u00eb Qend\u00ebr ekziston edhe Stacionari (Spitali), ku b\u00ebhet p\u00ebrkujdesja dhe trajtimi sh\u00ebndet\u00ebsor i t\u00eb burgosurve nga personeli mjek\u00ebsor \u00e7do dit\u00eb t\u00eb jav\u00ebs n\u00eb orarin 24 or\u00ebsh, n\u00eb k\u00ebt\u00eb stacionar jan\u00eb t\u00eb vendosur t\u00eb burgosur m\u00eb s\u00ebmundje dhe t\u00eb burgosur n\u00eb rehabilitim.\u00a0P\u00ebrve\u00e7 objekteve t\u00eb banimit n\u00eb ket\u00eb Qend\u00ebr Korrektuese jan\u00eb edhe disa objekte t\u00eb tjera p\u00ebrcjell\u00ebse, si: Shkolla, Teatri, pun\u00ebtorit\u00eb, sallat e sportit etj, q\u00eb sh\u00ebrbejn\u00eb p\u00ebr aktivitetet e ndryshme t\u00eb burgosurve.\u00a0Qendra Korrektuese n\u00eb Dubrav\u00eb q\u00ebllimin primar\u00eb e ka zbatimin e Ligjit p\u00ebr Ekzekutimin e Sanksioneve Penale, mbajtjen n\u00eb m\u00ebnyr\u00eb t\u00eb sigurt t\u00eb personave q\u00eb jan\u00eb n\u00eb mbajtje t\u00eb d\u00ebnimit dhe trajtimin e tyre n\u00eb m\u00ebnyr\u00eb humane duke siguruar mjediset dhe mjetet e p\u00ebrshtatshme, n\u00eb p\u00ebrputhje me personalitetin, arsimimin, gjendjen socio-ekonomike, prirjet dhe aft\u00ebsit\u00eb q\u00eb ata kan\u00eb, ruajtjen e mir\u00ebqenies fizike dhe mentale t\u00eb tyre duke synuar rehabilitimin p\u00ebr ri-integrimin e tyre n\u00eb jet\u00ebn familjare, shoq\u00ebrore &#8211; ekonomike pas lirimit, si dhe uljen e recidivizmit duke zhvilluar programe rehabilituese dhe risocializuese p\u00ebr t\u00eb gjith\u00eb t\u00eb burgosurit pa dallim.\u00a0Kjo qend\u00ebr ofron kat\u00ebr lloje t\u00eb regjimeve p\u00ebr t\u00eb burgosur: themelor, standard, avancuar dhe gjysm\u00eb i hapur, si dhe nj\u00eb varg programesh p\u00ebr rehabilitimin, ri-integrimin dhe risocializimin e t\u00eb d\u00ebnuarve.<\/p>\n<p>N\u00eb kuad\u00ebr t\u00eb programeve t\u00eb risocializimit dhe riedukimit b\u00ebn pjes\u00eb arsimimi i t\u00eb d\u00ebnuarve, n\u00eb QK Dubrav\u00eb ekziston Shkolla Fillore dhe Shkolla e Mesme \u201cRudina\u201d p\u00ebr personat q\u00eb nuk e kan\u00eb mbaruar shkollimin fillor\u00eb apo t\u00eb mes\u00ebm, e cila funksionon n\u00eb baz\u00eb t\u00eb marr\u00ebveshjes s\u00eb MD-s\u00eb dhe MASHT-it dhe Drejtoratit t\u00eb Arsimit n\u00eb Istog, punon si paralele e ndar\u00eb e Shkoll\u00ebs s\u00eb Mesme n\u00eb Gurrakoc dhe t\u00eb burgosurit mbarojn\u00eb me sukses shkollimin, marrin d\u00ebftesat dhe diplomat t\u00eb cilat nuk dallojn\u00eb nga ato q\u00eb jepen p\u00ebr personat q\u00eb vijojn\u00eb shkollimin n\u00eb liri.\u00a0N\u00eb QK Dubrav\u00eb ekzistojn\u00eb tri pun\u00ebtori profesionale, n\u00eb t\u00eb cilat punojn\u00eb instruktor\u00eb t\u00eb certifikuar dhe t\u00eb cil\u00ebt n\u00eb baz\u00eb t\u00eb marr\u00ebveshjes me MPMS-n\u00eb, jan\u00eb t\u00eb autorizuar q\u00eb t\u00eb d\u00ebnuarve q\u00eb mbarojn\u00eb me sukses trajnimet profesionale t`u l\u00ebshojn\u00eb certifikata t\u00eb vlefshme edhe jasht\u00eb institucionit korrektues. N\u00eb k\u00ebto pun\u00ebtori kryhen kurse dhe trajnime p\u00ebr zanatet, si: gjell\u00ebb\u00ebr\u00ebs, kuzhinier, furrtar, axhustator, saldues, hidroinstalues, makineri, elektricist, zdrukth\u00ebtar, nd\u00ebrtimtar, si dhe trajnime n\u00eb programet kompjuterike Word\/Excel dhe kontabilitet etj.\u00a0N\u00eb QK Dubrav\u00eb, ekziston salla e sportit dhe dy fusha sportive n\u00eb t\u00eb cilat zhvillohen aktivitetet sportive ditore, e po ashtu shpesh organizohen edhe turnir futbolli dhe loj\u00ebrave tjera n\u00eb mes t\u00eb d\u00ebnuarve, por edhe me pjes\u00ebtar\u00eb nga shoq\u00ebria civile, kjo b\u00ebhet me q\u00ebllimin q\u00eb personat e d\u00ebnuar t\u00eb mos ndihen t\u00eb anashkaluar apo margjinalizuar nga pjesa tjet\u00ebr e shoq\u00ebris\u00eb.<\/p>\n<p>QK Dubrav\u00ebs, po ashtu disponon bibliotek\u00ebn dhe sall\u00ebn e leximit, e cila \u00ebsht\u00eb p\u00ebr p\u00ebrdorim nga t\u00eb gjith\u00eb t\u00eb burgosurit, organizohet dhe mbik\u00ebqyret nga personeli p\u00ebrgjegj\u00ebs, i cili kujdeset p\u00ebr mir\u00ebmbajtjen dhe pasurimin e saj, shp\u00ebrndarjen e literatur\u00ebs dhe p\u00ebrhapjen e dijes dhe t\u00eb kultur\u00ebs.\u00a0Gjithashtu, ekziston objekti i Teatrit ku organizohen shfaqje kulturore\u2013arg\u00ebtuese dhe shfaqje teatrale.\u00a0Nj\u00eb pjes\u00eb e t\u00eb burgosurve jan\u00eb t\u00eb angazhuar me pun\u00eb dhe mir\u00ebmbajtjen e ambienteve t\u00eb institucionit, si: kuzhin\u00eb, furr\u00eb, blegtori, bujq\u00ebsi, lavanderi, kopshtari, rrobaqep\u00ebs, automekanik etj.\u00a0Gjithashtu, qendra \u00a0posedon dy ferma p\u00ebr blegtori me kapacitet deri n\u00eb 100 krer\u00eb gjedhe, t\u00eb \u00a0cilat mir\u00ebmbahen nga t\u00eb burgosurit e pun\u00ebsuar.\u00a0T\u00eb burgosurve u lejohet komunikimi me familjet e tyre, n\u00eb var\u00ebsi t\u00eb nevojave t\u00eb trajtimit, siguris\u00eb dhe rendit, me persona ose p\u00ebrfaq\u00ebsues t\u00eb organizatave t\u00eb ndryshme dhe t\u00eb presin vizita nga k\u00ebta persona sipas nivelit t\u00eb regjimeve t\u00eb arritur me sjelljet e tyre, po ashtu korrespodenca me familjen, informimi p\u00ebrmes radios, televizionit apo shtypit ditor\u00eb, pranimi i vizitave duke p\u00ebrfshir\u00eb vizitat nga rrethi i gjer\u00eb i personave, pranimin e vizitave n\u00eb lokale t\u00eb ve\u00e7anta me bashk\u00ebshorten dhe f\u00ebmij\u00ebt pa p\u00ebrcjellje, pushimin jasht\u00eb institucionit korrektues dhe pushimin e jasht\u00ebzakonsh\u00ebm.<\/p>\n<p><strong><u>Vizitat\u00a0 Familjare\/ Avokat\u00ebve etj.<\/u><\/strong><\/p>\n<p>Vizitat n\u00eb Qendr\u00ebn Korrektuese n\u00eb Dubrav\u00eb,\u00a0 si edhe n\u00eb t\u00eb gjitha institucionet\u00a0 tjera t\u00eb \u00a0SHKK-s\u00eb aplikohen n\u00eb baz\u00eb t\u00eb ligjit dhe rregulloreve n\u00eb fuqi.\u00a0Vizitat p\u00ebr t\u00eb d\u00ebnuar zhvillohen \u00e7do dit\u00eb t\u00eb jav\u00ebs prej or\u00ebs 08-16 (lajm\u00ebrimi i vizit\u00ebs s\u00eb fundit duhet t\u00eb b\u00ebhet para or\u00ebs 15) p\u00ebr t\u00eb paraburgosur vet\u00ebm t\u00eb mart\u00ebn dhe t\u00eb premten koha e nj\u00ebjt\u00eb, n\u00eb vizit\u00eb lejohen 4 persona t\u00eb rritur si dhe f\u00ebmij\u00ebt.\u00a0Ky institucion ofron edhe mund\u00ebsin\u00eb e ekstra vizit\u00ebs, t\u00eb cil\u00ebn mund t\u00eb k\u00ebrkoj\u00eb secili i d\u00ebnuar, n\u00eb rastet kur ka: rast vdekje, s\u00ebmurje apo l\u00ebndimi t\u00eb r\u00ebnd\u00eb n\u00eb familje, kur familjar\u00ebt vijn\u00eb nga shtetet tjera dhe vizitat e rregullta i ka t\u00eb kryera, n\u00eb ndonj\u00eb p\u00ebrvjetor apo ngjarje tjet\u00ebr t\u00eb ve\u00e7ant\u00eb e q\u00eb jan\u00eb n\u00eb pajtim me ligjin dhe rregulloret e aplikueshme.<\/p>\n<p><strong>Adresa:\u00a0<\/strong>Rruga Istog \u2013 Rakosh kilometri i gjasht\u00eb, ana e majt\u00eb<br \/>\n<strong>Kontakti:\u00a0<\/strong>039\/451-873 &amp; 044\/308- 627<\/p>\n","protected":false},"excerpt":{"rendered":"<p>Qendra Korrektuese e\u00a0 Dubrav\u00ebs \u00ebsht\u00eb qend\u00ebr e tipit t\u00eb mbyllur, e cila n\u00eb kuad\u00ebr t\u00eb nj\u00ebsive p\u00ebrb\u00ebr\u00ebse dhe pavijoneve b\u00ebn pranimin dhe vendosjen e t\u00eb d\u00ebnuarve prej 3 muaj deri n\u00eb 15 vite d\u00ebnim.\u00a0Qendra Korrektuese e Dubrav\u00ebs ka nj\u00eb sip\u00ebrfaqe prej 130 hektar\u00ebsh, nga kjo sip\u00ebrfaqe e p\u00ebrgjithshme, 24 hektar\u00eb jan\u00eb t\u00eb rrethuara me muri [&hellip;]<\/p>\n","protected":false},"author":1,"featured_media":0,"parent":0,"menu_order":0,"comment_status":"closed","ping_status":"closed","template":"about.php","meta":{"footnotes":""},"class_list":["post-1402","page","type-page","status-publish","hentry"],"acf":[],"_links":{"self":[{"href":"https:\/\/shkk.rks-gov.net\/en\/wp-json\/wp\/v2\/pages\/1402","targetHints":{"allow":["GET"]}}],"collection":[{"href":"https:\/\/shkk.rks-gov.net\/en\/wp-json\/wp\/v2\/pages"}],"about":[{"href":"https:\/\/shkk.rks-gov.net\/en\/wp-json\/wp\/v2\/types\/page"}],"author":[{"embeddable":true,"href":"https:\/\/shkk.rks-gov.net\/en\/wp-json\/wp\/v2\/users\/1"}],"replies":[{"embeddable":true,"href":"https:\/\/shkk.rks-gov.net\/en\/wp-json\/wp\/v2\/comments?post=1402"}],"version-history":[{"count":1,"href":"https:\/\/shkk.rks-gov.net\/en\/wp-json\/wp\/v2\/pages\/1402\/revisions"}],"predecessor-version":[{"id":1431,"href":"https:\/\/shkk.rks-gov.net\/en\/wp-json\/wp\/v2\/pages\/1402\/revisions\/1431"}],"wp:attachment":[{"href":"https:\/\/shkk.rks-gov.net\/en\/wp-json\/wp\/v2\/media?parent=1402"}],"curies":[{"name":"wp","href":"https:\/\/api.w.org\/{rel}","templated":true}]}}