{"id":1400,"date":"2023-12-04T14:14:33","date_gmt":"2023-12-04T14:14:33","guid":{"rendered":"https:\/\/shkk.rks-gov.net\/qendra-edukuese-korrektuese-ne-lipjan\/"},"modified":"2023-12-04T17:09:21","modified_gmt":"2023-12-04T17:09:21","slug":"qendra-edukuese-korrektuese-ne-lipjan","status":"publish","type":"page","link":"https:\/\/shkk.rks-gov.net\/en\/qendra-edukuese-korrektuese-ne-lipjan\/","title":{"rendered":"Correctional Training Center Lipjan"},"content":{"rendered":"<p><strong>Historiku<\/strong><\/p>\n<p>Qendra\u00a0 Korrektuese Lipjan, gjendet n\u00eb pjes\u00ebn veriore t\u00eb Qytetit t\u00eb Lipjanit, af\u00ebr Lumit Sitnica,\u00a0 rruga\u00a0 Lipjan \u2013 Magure\u00a0 dhe \u00ebsht\u00eb nd\u00ebrtuar n\u00eb vitin\u00a01978.Prej k\u00ebtyre nd\u00ebrtimeve jan\u00eb\u00a0 kat\u00ebr (04 ) pavijone t\u00eb banuara me t\u00eb burgosur me nj\u00eb lart\u00ebsi distance n\u00eb mes\u00a0 veti prej\u00a0 afro tridhjet\u00eb (30) metrash.\u00a0Qendra Korrektuese n\u00eb Lipjan \u00ebsht\u00eb specifike p\u00ebr sa i p\u00ebrket kategoris\u00eb s\u00eb t\u00eb burgosurve p\u00ebr arsyeje se \u00ebsht\u00eb e vetmja qend\u00ebr n\u00eb Republik\u00ebn e Kosov\u00ebs q\u00eb akomodon t\u00eb mitur dhe femra t\u00eb burgosura, si dhe pranon t\u00eb burgosur t\u00eb kategorive t\u00eb ndryshme, si\u00e7 jan\u00eb:\u00a0Femra t\u00eb d\u00ebnuara;\u00a0Femra t\u00eb paraburgosura;\u00a0Femra t\u00eb mitura t\u00eb d\u00ebnuara;\u00a0Femra t\u00eb mitura me mas\u00eb edukative korrektuese;\u00a0Femra t\u00eb mitura t\u00eb paraburgosura;\u00a0T\u00eb mitur t\u00eb d\u00ebnuar;\u00a0T\u00eb mitur me masa edukuese korrektuese;\u00a0T\u00eb mitur n\u00eb paraburgim;\u00a0Meshkuj t\u00eb rritur t\u00eb d\u00ebnuar me d\u00ebnime t\u00eb shkurta p\u00ebr\u00a0 Kund\u00ebrvajtje.\u00a0T\u00eb gjitha k\u00ebto kategori t\u00eb t\u00eb burgosurve jan\u00eb t\u00eb ndara nd\u00ebrmjet veti dhe nuk kan\u00eb qasje njeri me tjetrin n\u00eb pavijone.<\/p>\n<p><strong>Pavijoni O<\/strong>, femrat jan\u00eb n\u00eb pavijon t\u00eb ve\u00e7ant\u00eb, i cili \u00ebsht\u00eb edhe i rrethuar me mur t\u00eb lart\u00eb, p\u00ebraf\u00ebrsisht kat\u00ebr metra;<\/p>\n<p><strong>Pavijoni A,<\/strong>\u00a0n\u00eb t\u00eb dy katet gjinden t\u00eb miturit me mas\u00eb edukative;<\/p>\n<p><strong>Pavijoni B,<\/strong>\u00a0ku gjinden t\u00eb miturit e denuar n\u00eb katin e par\u00eb dhe t\u00eb miturit e paraburgosur n\u00eb katin e dyt\u00eb jan\u00eb t\u00eb rrethuar me tela gjembor;<\/p>\n<p><strong>Pavijoni C,\u00a0<\/strong>ku zhvillohen vizitat e t\u00eb burgosurve \u00ebsht\u00eb i rrethuar me tela gjembor p\u00ebr shkak t\u00eb parandalimit t\u00eb arratisjeve, gjegj\u00ebsisht largimit t\u00eb t\u00eb miturve nga institucioni;<\/p>\n<p><strong>Pavijoni N<\/strong>, ekziston dhe funksionon sht\u00ebpia e n\u00ebnave me f\u00ebmij\u00eb, (grat\u00eb shtatz\u00ebna t\u00eb cilat bien ndesh me ligjin dhe iu bie q\u00eb t\u00eb lindin n\u00eb koh\u00ebn e paraburgimit apo d\u00ebnimit, ato d\u00ebrgohen n\u00eb QKUK lindin atje dhe pastaj vendosen\u00a0 n\u00eb pavijonin e cekur dhe vuajn\u00eb paraburgimin apo d\u00ebnimin, aty mund t\u00eb q\u00ebndrojn\u00eb deri n\u00eb 18 muaj, mund\u00eb t\u00eb q\u00ebndrojn\u00eb s\u00eb bashku me f\u00ebmij\u00ebn n\u00eb sht\u00ebpin\u00eb e n\u00ebnave dhe f\u00ebmij\u00ebve, e cila \u00ebsht\u00eb e ndar\u00eb nga pavijoni i t\u00eb d\u00ebnuarave tjera.<\/p>\n<p>N\u00eb Qendr\u00ebn \u00a0\u00a0Korrektuese,\u00a0 ekziston dhe funksionon arsimi shkollor p\u00ebr t\u00eb mitur n\u00eb kuad\u00ebr t\u00eb shkollave t\u00eb qytetit t\u00eb Lipjanit. Arsimi shkollor ka\u00a0 gjithsejt\u00eb 12 profesor\u00eb t\u00eb l\u00ebmive t\u00eb ndryshme m\u00ebsimore. Pas p\u00ebrfundimit t\u00eb shkollimit, d\u00ebftesat l\u00ebshohen nga t\u00eb dy institucionet shkollore t\u00eb Komun\u00ebs\u00a0 s\u00eb Lipjanit, konkretisht shkolla\u00a0 fillore dhe ajo e\u00a0 mesme.\u00a0Po ashtu, n\u00eb Qendr\u00ebn \u00a0\u00a0Korrektuese zhvillohen \u00a0trajnimet profesionale p\u00ebr t\u00eb mitur, trajnimet b\u00ebhen n\u00eb shum\u00eb drejtime, si\u00e7 jan\u00eb; informatik\u00eb, elektroinstalues, hidroinstalues dhe nd\u00ebrtimtari.\u00a0T\u00eb miturit, t\u00eb cil\u00ebt tregohen t\u00eb suksessh\u00ebm gjat\u00eb trajnimit, certifikohen nga Ministria e Mir\u00ebqenies Sociale.\u00a0Gjithashtu, organizohen kurse n\u00eb l\u00ebmi t\u00eb ndryshme, si rrobaqep\u00ebsi, floktari, n\u00eb k\u00eb kurse kryesisht marrin pjese femra.\u00a0Pun\u00ebt e jashtme b\u00ebhen nga vete te d\u00ebnuarit si\u00e7 jan\u00eb pastrimi i rrug\u00ebve, hedhja e mbeturinave, kositja e barit, mir\u00ebmbajtja e parqeve etj.<\/p>\n<p>N\u00eb Qendr\u00ebn e Korrektuese Lipjan, pranohen t\u00eb burgosurit nga i\u00a0 gjith\u00eb territori i Kosov\u00ebs , duke p\u00ebrfshi t\u00eb miturit e paraburgosur, me mas\u00eb edukative dhe t\u00eb miturit e d\u00ebnuar, pastaj femrat e d\u00ebnuara dhe t\u00eb paraburgosura t\u00eb t\u00eb gjitha moshave, si dhe t\u00eb d\u00ebnuar madhor me d\u00ebnime t\u00eb shkurta deri n\u00eb 30 dit\u00eb d\u00ebnim ( Kund\u00ebrvajt\u00ebs), kjo Qend\u00ebr pranon t\u00eb burgosur t\u00eb t\u00eb gjitha nacionaliteteve.\u00a0Qendra Korrektuese Lipjan aplikon k\u00ebto regjime p\u00ebr t\u00eb burgosurit : Regjimi i Pranimit, Regjimin Themelor, Regjimin Standard dhe at\u00eb t\u00eb Avancuar.\u00a0T\u00eb burgosurit\u00a0 n\u00eb k\u00ebt\u00eb Institucion mund t\u00eb vendosen nga 6 persona me nj\u00eb dhom\u00eb, kjo vlen p\u00ebr t\u00eb miturit,\u00a0 ku n\u00eb secil\u00ebn dhom\u00eb q\u00ebndron TV, tavolina me karrige, si dhe orman\u00ebt p\u00ebr vendosjen e gard\u00ebrob\u00ebs,\u00a0 po ashtu banjat dhe tualetet jan\u00eb ndaras nga dhomat, nd\u00ebrsa femrat vendosen nga 3 persona me nj\u00eb dhom\u00eb, ku n\u00eb secil\u00ebn dhom\u00eb q\u00ebndrojn\u00eb TV \u2013ja, tavolinat me karrige, orman\u00ebt p\u00ebr gard\u00ebrob\u00eb, si dhe n\u00eb dhoma jan\u00eb t\u00eb vendosura tualetet, kurse banjat q\u00ebndrojn\u00eb ndaras prej dhomave etj.\u00a0Secilit t\u00eb burgosur i garantohen tri racione t\u00eb ushqimit t\u00eb llojllojsh\u00ebm n\u00eb dit\u00eb,\u00a0 kualitativ me sasi dhe kalori t\u00eb mjaftueshme , n\u00eb intervale t\u00eb caktuara kohore, sipas orarit dhe menys\u00eb t\u00eb p\u00ebrcaktuar nga Institucioni duke ja p\u00ebrshtatur edhe sezonin.\u00a0\u00a0Secilit t\u00eb burgosur iu\u00a0 sigurohen mjete t\u00eb mjaftueshme p\u00ebr higjien\u00ebn personale dhe hap\u00ebsirave ku ata jetojn\u00eb dhe punojn\u00eb, e po ashtu furnizimi me higjien\u00eb b\u00ebhet sipas orarit t\u00eb p\u00ebrcaktuar nga ana e Institucionit.\u00a0Sh\u00ebrbimi Sh\u00ebndet\u00ebsor punon 24 or\u00eb, ku secilit t\u00eb burgosur i \u00ebsht\u00eb siguruar p\u00ebrkujdesja permanente mjek\u00ebsore nga stafi infermier profesional t\u00eb burgut dhe nga mjek\u00eb Specialist (Psikiat\u00ebr, Psikolog, Gjinekolog, Stomatolog dhe dy mjek t\u00eb p\u00ebrgjithsh\u00ebm ).<\/p>\n<p>Trajtimi \u00ebsht\u00eb profesional dhe human ku i afrohen sasia e nevojshme medikamenteve\u00a0 var\u00ebsisht nga Diagnoza. Kontrollimet Specialistike kryhen pas udh\u00ebzimit n\u00eb QKUK dhe Klinika t\u00eb ndryshme n\u00eb Prishtin\u00eb.\u00a0Qendra Korrektuese posedon kabinat telefonike n\u00eb \u00e7do pavijon dhe \u00e7do i burgosur q\u00eb plot\u00ebson kritere ligjore dhe procedurave t\u00eb brendshme SHKK, ka mund\u00ebsi q\u00eb t\u00eb b\u00ebj biseda telefonike me \u00a0familjar, avokat,\u00a0 etj .\u00a0Kapaciteti \u00ebsht\u00eb n\u00eb gjendjen normale dhe ka n\u00eb dispozicion 138 shtret\u00ebr .\u00a0Po ashtu, qendra posedon nj\u00eb num\u00ebr t\u00eb madh librash si n\u00eb gjuhen shqipe ashtu edhe n\u00eb gjuh\u00eb t\u00eb tjera ku koh\u00eb pas kohe\u00a0 plot\u00ebsohet m\u00eb libra t\u00eb reja.\u00a0QK. Lipjan posedon kabinetin te informatik\u00ebs,\u00a0 sall\u00ebn\u00a0 e sportit dhe fush\u00ebn e futbollit.<\/p>\n<p><strong><u>Vizitat\u00a0 Familjare\/ Avokat\u00ebve, etj<\/u><\/strong><\/p>\n<p><strong>Orari i vizitave familjare n<\/strong><strong>\u00eb<\/strong><strong>\u00a0Qendr\u00ebn Korrektuese Lipjan<\/strong><\/p>\n<p><strong>E\u00a0 Premte<\/strong>,\u00a0 p\u00ebr kund\u00ebrvajt\u00ebsit\u00a0 &#8211; kat\u00ebr vizita n\u00eb muaj me nga nj\u00eb (1) or\u00eb\u00a0 08:30-11:30 dhe 12:30-16:00.<\/p>\n<p><strong>E\u00a0 Shtun\u00eb,<\/strong>\u00a0p\u00ebr t\u00eb gjitha kategorit\u00eb e\u00a0 femrave t\u00eb burgosura, si dhe p\u00ebr t\u00eb miturit n\u00eb regjimin e avancuar. Duke filluar prej or\u00ebs: 08:30 &#8211; 11:30 dhe 12:30 &#8211; 16:00.<\/p>\n<p><strong>E\u00a0 Diele<\/strong>,\u00a0 p\u00ebr t\u00eb miturit me mas\u00eb edukative, t\u00eb miturit e d\u00ebnuar dhe t\u00eb miturit e paraburgosur.<\/p>\n<p>Duke filluar prej or\u00ebs:\u00a0<strong>08:30 -11:30 dhe 12:30 &#8211; 16:00.<\/strong><\/p>\n<p>N\u00eb vizit\u00eb lejohen 3 persona t\u00eb rritur dhe 2 f\u00ebmij\u00eb.<\/p>\n<p>P\u00ebr t\u00eb paraburgosurit, vizitat lejohen vet\u00ebm me autorizim t\u00eb gjykat\u00ebs kompetente.<\/p>\n<p>Ky institucion ofron edhe mund\u00ebsin e vizit\u00ebs shtes\u00eb (ekstra), t\u00eb cil\u00ebn \u00a0mund t\u00eb k\u00ebrkoj\u00eb secili i d\u00ebnuar kur ka: rast vdekje, s\u00ebmundje apo l\u00ebndimi t\u00eb r\u00ebnd\u00eb n\u00eb familje, kur familjar\u00ebt vijn\u00eb nga shtetet tjera, n\u00eb ndonj\u00eb p\u00ebrvjetor apo ngjarje tjet\u00ebr t\u00eb ve\u00e7ant\u00eb edhe pse vizitat e rregullta i ka t\u00eb kryera (shfryt\u00ebzuara) e q\u00eb jan\u00eb n\u00eb pajtim me ligjin dhe rregulloret e aplikueshme n\u00eb Sh\u00ebrbimin Korrektues t\u00eb Kosov\u00ebs.<\/p>\n<p><strong>Adresa:\u00a0<\/strong>Qendra Korrektuese Lipjan, Rruga \u201cIsmet Asllani\u201d nr.6, Hallaqi Vog\u00ebl, Lipjan<br \/>\n14000<\/p>\n<p><strong>Kontakti:\u00a0<\/strong>038-581-123, 044 139-226<\/p>\n<p><strong>Qendra Koordinuese e Nj\u00ebsitit p\u00ebr P\u00ebrcjelljen e t\u00eb Burgosurve t\u00eb Sh\u00ebrbimit Korrektues t\u00eb Kosov\u00ebs<\/strong><\/p>\n<p><strong>Adresa:\u00a0<\/strong>Qendra Korrektuese Lipjan ,PN -14000, Lipjan-Kosov\u00eb;<br \/>\n<strong>Telefon:<\/strong>\u00a0038 200 18500 &amp; 038 200 18598;<br \/>\n<strong>Fax:<\/strong>\u00a0038 200 18599.<\/p>\n","protected":false},"excerpt":{"rendered":"<p>Historiku Qendra\u00a0 Korrektuese Lipjan, gjendet n\u00eb pjes\u00ebn veriore t\u00eb Qytetit t\u00eb Lipjanit, af\u00ebr Lumit Sitnica,\u00a0 rruga\u00a0 Lipjan \u2013 Magure\u00a0 dhe \u00ebsht\u00eb nd\u00ebrtuar n\u00eb vitin\u00a01978.Prej k\u00ebtyre nd\u00ebrtimeve jan\u00eb\u00a0 kat\u00ebr (04 ) pavijone t\u00eb banuara me t\u00eb burgosur me nj\u00eb lart\u00ebsi distance n\u00eb mes\u00a0 veti prej\u00a0 afro tridhjet\u00eb (30) metrash.\u00a0Qendra Korrektuese n\u00eb Lipjan \u00ebsht\u00eb specifike p\u00ebr sa [&hellip;]<\/p>\n","protected":false},"author":1,"featured_media":0,"parent":0,"menu_order":0,"comment_status":"closed","ping_status":"closed","template":"about.php","meta":{"footnotes":""},"class_list":["post-1400","page","type-page","status-publish","hentry"],"acf":[],"_links":{"self":[{"href":"https:\/\/shkk.rks-gov.net\/en\/wp-json\/wp\/v2\/pages\/1400","targetHints":{"allow":["GET"]}}],"collection":[{"href":"https:\/\/shkk.rks-gov.net\/en\/wp-json\/wp\/v2\/pages"}],"about":[{"href":"https:\/\/shkk.rks-gov.net\/en\/wp-json\/wp\/v2\/types\/page"}],"author":[{"embeddable":true,"href":"https:\/\/shkk.rks-gov.net\/en\/wp-json\/wp\/v2\/users\/1"}],"replies":[{"embeddable":true,"href":"https:\/\/shkk.rks-gov.net\/en\/wp-json\/wp\/v2\/comments?post=1400"}],"version-history":[{"count":1,"href":"https:\/\/shkk.rks-gov.net\/en\/wp-json\/wp\/v2\/pages\/1400\/revisions"}],"predecessor-version":[{"id":1430,"href":"https:\/\/shkk.rks-gov.net\/en\/wp-json\/wp\/v2\/pages\/1400\/revisions\/1430"}],"wp:attachment":[{"href":"https:\/\/shkk.rks-gov.net\/en\/wp-json\/wp\/v2\/media?parent=1400"}],"curies":[{"name":"wp","href":"https:\/\/api.w.org\/{rel}","templated":true}]}}