{"id":1394,"date":"2023-12-04T14:22:49","date_gmt":"2023-12-04T14:22:49","guid":{"rendered":"https:\/\/shkk.rks-gov.net\/qendra-e-paraburgimit-ne-prishtine\/"},"modified":"2023-12-04T17:08:14","modified_gmt":"2023-12-04T17:08:14","slug":"qendra-e-paraburgimit-ne-prishtine","status":"publish","type":"page","link":"https:\/\/shkk.rks-gov.net\/en\/qendra-e-paraburgimit-ne-prishtine\/","title":{"rendered":"Detention Center in Pristina"},"content":{"rendered":"<p><strong><u>Historiku<\/u><\/strong><strong>\u00a0:\u00a0\u00a0\u00a0\u00a0\u00a0<\/strong><\/p>\n<p>Pas p\u00ebrfundimit t\u00eb luft\u00ebs, Qendra e Paraburgimit Prishtin\u00eb ishte n\u00ebn administrimin e KFOR-it Anglez. N\u00eb n\u00ebntor t\u00eb vitit 1999, QP e Prishtin\u00ebs kalon n\u00ebn administrimin e UNMIK-ut. Nd\u00ebrsa nga muaji Shkurt i vitit 2005, kompetencat p\u00ebr administrimin e QP t\u00eb Prishtin\u00ebs i jan\u00eb transferuar t\u00ebr\u00ebsisht stafit vendor.\u00a0Fillimisht, Qendra e Vjet\u00ebr e Paraburgimit n\u00eb Prishtin\u00eb, ndodhej n\u00eb Qend\u00ebr t\u00eb qytetit, n\u00eb kompleksin e nd\u00ebrtesave n\u00eb mes t\u00eb Gjykat\u00ebs Supreme dhe Drejtoris\u00eb s\u00eb P\u00ebrgjithshme t\u00eb Policis\u00eb, kishte nj\u00eb kapacitet prej 80 shtret\u00ebrve dhe ofronte kushte jasht\u00ebzakonisht t\u00eb dob\u00ebta banimi p\u00ebr t\u00eb burgosurit dhe p\u00ebr stafin.\u00a0Si pasoj e k\u00ebtyre kushteve, Qendra e Paraburgimit Prishtin\u00eb mbyllet n\u00eb fund t\u00eb vitit 2015, nd\u00ebrsa personeli dhe t\u00eb burgosurit transferohen p\u00ebrkoh\u00ebsisht n\u00eb Burgun e Siguris\u00eb s\u00eb Lart\u00eb.\u00a0Objekti i ri i\u00a0 Qendr\u00ebs s\u00eb Paraburgimit n\u00eb Prishtin\u00eb ka p\u00ebrfunduar s\u00eb nd\u00ebrtuari\u00a0 dhe \u00ebsht\u00eb inauguruar n\u00eb Janar t\u00eb vitit 2018.\u00a0Funksionalizimi i Qendr\u00ebs s\u00eb Paraburgimit n\u00eb Prishtin\u00eb \u00ebsht\u00eb b\u00ebr\u00eb me 14 Janar 2019, ku ka filluar me pranimin e t\u00eb burgosurve t\u00eb par\u00eb.<\/p>\n<p>Qendra e Paraburgimit n\u00eb Prishtin\u00eb \u00ebsht\u00eb institucion korrektues i tipit t\u00eb mbyllur, e cila sh\u00ebrben p\u00ebr ekzekutimin e mas\u00ebs s\u00eb paraburgimit t\u00eb shqiptuar nga gjykatat.\u00a0Destinimi par\u00ebsor i QP-Prishtin\u00ebs \u00ebsht\u00eb: Pranimi, Akomodimi dhe Trajtimi i t\u00eb Paraburgosurve t\u00eb mosh\u00ebs madhore t\u00eb t\u00eb gjitha Kategorive.\u00a0Destinimi dyt\u00ebsor i QPPR-s\u00eb \u00ebsht\u00eb: Pranimi i nj\u00eb numri t\u00eb t\u00eb d\u00ebnuarve p\u00ebr pun\u00eb dhe aktivitete p\u00ebr nevoja t\u00eb institucionit.\u00a0Si Pilot-Projekt i ve\u00e7ant\u00eb i SHKK-s\u00eb, brenda ambienteve t\u00eb QP-Prishtin\u00ebs \u00ebsht\u00eb edhe Qendra p\u00ebr Vler\u00ebsimin dhe Klasifikimin e t\u00eb Burgosurve,\u00a0 e cila ka p\u00ebr q\u00ebllim vler\u00ebsimin e rrezikut dhe nevojave, si dhe klasifikimin e t\u00eb burgosurve.\u00a0N\u00ebp\u00ebr procesin e vler\u00ebsimit n\u00eb k\u00ebt\u00eb Qend\u00ebr kalojn\u00eb t\u00eb gjitha pranimet e reja, qofshin t\u00eb d\u00ebnuar apo t\u00eb paraburgosur.\u00a0QP-Prishtina menaxhon\u00a0 edhe me Institutin e Psikiatris\u00eb Forenzike t\u00eb Kosov\u00ebs-IPFK<strong>,<\/strong>\u00a0ku b\u00ebhet trajtimi dhe ekzaminimi psikiatrik i t\u00eb burgosurve me urdh\u00ebr t\u00eb Gjykat\u00ebs dhe me rekomandim t\u00eb mjek\u00ebve.\u00a0Trajtimi i t\u00eb paraburgosurve dhe t\u00eb d\u00ebnuarve b\u00ebhet n\u00eb m\u00ebnyr\u00eb humane duke u bazuar n\u00eb ligjet, rregulloret e brendshme, rendin sht\u00ebpiak dhe rregullat evropiane t\u00eb burgjeve.\u00a0Kapaciteti i k\u00ebsaj Qendre \u00ebsht\u00eb rreth 300 shtret\u00ebr.<\/p>\n<p><strong><u>ORARI I VIZITAVE<\/u><\/strong><\/p>\n<p>Vizitat e t\u00eb burgosurve n\u00eb Qendr\u00ebn e Paraburgimit n\u00eb Prishtin\u00eb, organizohen sipas orarit t\u00eb m\u00eb posht\u00ebm:<\/p>\n<p>Orari i vizitave p\u00ebr T\u00cb PARABURGOSURIT \u00ebsht\u00eb dit\u00ebt: e h\u00ebne, e mart\u00eb, e enjte dhe e premte nga ora:\u00a0 08:30-11:00 dhe 13:00-15:00.<\/p>\n<p>Koh\u00ebzgjatja e vizit\u00ebs p\u00ebr t\u00eb paraburgosurit \u00ebsht\u00eb: nj\u00eb her\u00eb n\u00eb dy jav\u00eb nga nj\u00eb or\u00eb<\/p>\n<p>Orari i vizitave p\u00ebr T\u00cb D\u00cbNUARIT \u00ebsht\u00eb Dit\u00ebn e M\u00ebrkur\u00eb: nga Ora: 08:30-11:00 dhe 13:00-15:00.<br \/>\nKoh\u00ebzgjatja e vizit\u00ebs p\u00ebr t\u00eb d\u00ebnuarit \u00ebsht\u00eb: nj\u00eb her\u00eb n\u00eb dy jav\u00eb nga Nj\u00eb or\u00eb, (n\u00eb raste te ve\u00e7anta, me k\u00ebrkes\u00eb mund t\u00eb ket\u00eb edhe vizit\u00eb shtes\u00eb).<\/p>\n<p>Vizita e Avokat\u00ebve \u00ebsht\u00eb \u00e7do dit\u00eb pune nga:\u00a0\u00a0\u00a0\u00a0 09:00-11:00 dhe 13:00-15:00<\/p>\n<p><strong>Adresa:<\/strong>\u00a0Qendra e Paraburgimit-Prishtin\u00eb (Hajvali), ndodhet af\u00ebr Pallatit t\u00eb Drejt\u00ebsis\u00eb.<br \/>\n<strong>Kontakti:\u00a0<\/strong>044-915 245,\u00a0(Dhoma e KONTROLLIT):<\/p>\n","protected":false},"excerpt":{"rendered":"<p>Historiku\u00a0:\u00a0\u00a0\u00a0\u00a0\u00a0 Pas p\u00ebrfundimit t\u00eb luft\u00ebs, Qendra e Paraburgimit Prishtin\u00eb ishte n\u00ebn administrimin e KFOR-it Anglez. N\u00eb n\u00ebntor t\u00eb vitit 1999, QP e Prishtin\u00ebs kalon n\u00ebn administrimin e UNMIK-ut. Nd\u00ebrsa nga muaji Shkurt i vitit 2005, kompetencat p\u00ebr administrimin e QP t\u00eb Prishtin\u00ebs i jan\u00eb transferuar t\u00ebr\u00ebsisht stafit vendor.\u00a0Fillimisht, Qendra e Vjet\u00ebr e Paraburgimit n\u00eb Prishtin\u00eb, [&hellip;]<\/p>\n","protected":false},"author":1,"featured_media":0,"parent":0,"menu_order":0,"comment_status":"closed","ping_status":"closed","template":"about.php","meta":{"footnotes":""},"class_list":["post-1394","page","type-page","status-publish","hentry"],"acf":[],"_links":{"self":[{"href":"https:\/\/shkk.rks-gov.net\/en\/wp-json\/wp\/v2\/pages\/1394","targetHints":{"allow":["GET"]}}],"collection":[{"href":"https:\/\/shkk.rks-gov.net\/en\/wp-json\/wp\/v2\/pages"}],"about":[{"href":"https:\/\/shkk.rks-gov.net\/en\/wp-json\/wp\/v2\/types\/page"}],"author":[{"embeddable":true,"href":"https:\/\/shkk.rks-gov.net\/en\/wp-json\/wp\/v2\/users\/1"}],"replies":[{"embeddable":true,"href":"https:\/\/shkk.rks-gov.net\/en\/wp-json\/wp\/v2\/comments?post=1394"}],"version-history":[{"count":1,"href":"https:\/\/shkk.rks-gov.net\/en\/wp-json\/wp\/v2\/pages\/1394\/revisions"}],"predecessor-version":[{"id":1427,"href":"https:\/\/shkk.rks-gov.net\/en\/wp-json\/wp\/v2\/pages\/1394\/revisions\/1427"}],"wp:attachment":[{"href":"https:\/\/shkk.rks-gov.net\/en\/wp-json\/wp\/v2\/media?parent=1394"}],"curies":[{"name":"wp","href":"https:\/\/api.w.org\/{rel}","templated":true}]}}