{"id":1203,"date":"2023-12-01T12:10:56","date_gmt":"2023-12-01T12:10:56","guid":{"rendered":"https:\/\/shkk.rks-gov.net\/shoqata-e-grave\/"},"modified":"2023-12-04T17:46:07","modified_gmt":"2023-12-04T17:46:07","slug":"shoqata-e-grave","status":"publish","type":"page","link":"https:\/\/shkk.rks-gov.net\/en\/shoqata-e-grave\/","title":{"rendered":"Women&#8217;s Association"},"content":{"rendered":"<h4 class=\"historiku-titulli\">Misioni dhe q\u00ebllimet e Shoqat\u00ebs s\u00eb Gruas t\u00eb Sh\u00ebrbimit Korrektues t\u00eb Kosov\u00ebs<\/h4>\n<div class=\"historiku\">\n<p><img decoding=\"async\" src=\"https:\/\/shkk.rks-gov.net\/assets\/cms\/uploads\/images\/54521584_1976315355829212_5526714554433667072_n.jpg\" alt=\"\" \/><\/p>\n<p>Misioni i Shoqat\u00ebs s\u00eb Gruas t\u00eb Sh\u00ebrbimit Korrektues t\u00eb Kosov\u00ebs ka t\u00eb b\u00ebj\u00eb me fuqizimin e rolit dhe pozit\u00ebs s\u00eb gruas n\u00eb k\u00ebt\u00eb Sh\u00ebrbim, vet\u00ebdijesimin mbi \u00e7\u00ebshtjet q\u00eb kan\u00eb t\u00eb b\u00ebjn\u00eb me grat\u00eb, promovimin e mosdiskriminimit dhe t\u00eb barazis\u00eb gjinore, zhvillimin profesional dhe promovimin nd\u00ebrkomb\u00ebtar t\u00eb Shoqat\u00ebs, si dhe t\u00eb lobimit p\u00ebr avansimin e vet\u00ebdijes institucionale dhe publike lidhur me rolin dhe r\u00ebnd\u00ebsin\u00eb e pjes\u00ebmarrjes n\u00eb vendimmarrje t\u00eb grave t\u00eb Sh\u00ebrbimit Korrektues t\u00eb Kosov\u00ebs.<\/p>\n<p>Synimi i p\u00ebrgjithsh\u00ebm i Shoqat\u00ebs s\u00eb Gruas t\u00eb Sh\u00ebrbimit Korrektues t\u00eb Kosov\u00ebs \u00ebsht\u00eb angazhimi, me q\u00ebllim t\u00eb p\u00ebrfshierjes n\u00eb procesin e p\u00ebrkrahjes s\u00eb avansimit t\u00eb barazis\u00eb gjinore, dhe t\u00eb rritjes s\u00eb kontributit t\u00eb grave t\u00eb k\u00ebtij Sh\u00ebrbimi p\u00ebr t\u00eb siguruar llogaridh\u00ebnie, mbrojtje t\u00eb t\u00eb drejtave t\u00eb njeriut, si dhe t\u00eb \u00e7\u00ebshtjeve t\u00eb siguris\u00eb, n\u00eb fush\u00ebveprimin e Sh\u00ebrbimit Korrektues t\u00eb Kosov\u00ebs.<\/p>\n<p><strong>Q\u00ebllimet e Shoqat\u00ebs jan\u00eb t\u00eb fokusuara n\u00eb arritjen e objektivave vijuese:<\/strong><\/p>\n<ol>\n<li>Fuqizimi i rolit dhe pozit\u00ebs s\u00eb gruas n\u00eb Sh\u00ebrbimin Korrektues\u00a0 t\u00eb Kosov\u00ebs.<\/li>\n<li>Ngritja e vet\u00ebdijes dhe adresimi i \u00e7\u00ebshtjeve q\u00eb kan\u00eb t\u00eb b\u00ebjn\u00eb me grat\u00eb, n\u00eb kuad\u00ebr t\u00eb Sh\u00ebrbimit Korrektues t\u00eb Kosov\u00ebs.<\/li>\n<li>Promovimi dhe ndihma n\u00eb zbatimin e parimeve t\u00eb barazis\u00eb dhe mosdiskriminimit t\u00eb grave n\u00eb Sh\u00ebrbimin Korrektues t\u00eb Kosov\u00ebs.<\/li>\n<li>Avokimi p\u00ebr zhvillim t\u00eb vazhduesh\u00ebm profesional t\u00eb t\u00eb gjitha grave n\u00eb Sh\u00ebrbimin Korrektues t\u00eb Kosov\u00ebs.<\/li>\n<li>Pjes\u00ebmarrja n\u00eb rrjetet profesionale dhe sociale n\u00eb nivel komb\u00ebtar, rajonal dhe nd\u00ebrkomb\u00ebtar.<\/li>\n<li>Angazhimi me media dhe pjes\u00ebmarrja n\u00eb diskutime publike, si dhe aktivitete tjera t\u00eb p\u00ebrshtatshme, me q\u00ebllim t\u00eb ngritjes s\u00eb vet\u00ebdijes institucionale dhe publike lidhur me rolin dhe r\u00ebnd\u00ebsin\u00eb e pjes\u00ebmarrjes s\u00eb grave t\u00eb Sh\u00ebrbimit Korrektues t\u00eb Kosov\u00ebs.<\/li>\n<\/ol>\n<p><img decoding=\"async\" src=\"https:\/\/shkk.rks-gov.net\/assets\/cms\/uploads\/images\/IMG-a4f44f3fac48847792eb57544086610b-V.jpg\" alt=\"\" \/><\/p>\n<\/div>\n","protected":false},"excerpt":{"rendered":"<p>Misioni dhe q\u00ebllimet e Shoqat\u00ebs s\u00eb Gruas t\u00eb Sh\u00ebrbimit Korrektues t\u00eb Kosov\u00ebs Misioni i Shoqat\u00ebs s\u00eb Gruas t\u00eb Sh\u00ebrbimit Korrektues t\u00eb Kosov\u00ebs ka t\u00eb b\u00ebj\u00eb me fuqizimin e rolit dhe pozit\u00ebs s\u00eb gruas n\u00eb k\u00ebt\u00eb Sh\u00ebrbim, vet\u00ebdijesimin mbi \u00e7\u00ebshtjet q\u00eb kan\u00eb t\u00eb b\u00ebjn\u00eb me grat\u00eb, promovimin e mosdiskriminimit dhe t\u00eb barazis\u00eb gjinore, zhvillimin profesional dhe [&hellip;]<\/p>\n","protected":false},"author":1,"featured_media":0,"parent":0,"menu_order":0,"comment_status":"closed","ping_status":"closed","template":"about.php","meta":{"footnotes":""},"class_list":["post-1203","page","type-page","status-publish","hentry"],"acf":[],"_links":{"self":[{"href":"https:\/\/shkk.rks-gov.net\/en\/wp-json\/wp\/v2\/pages\/1203","targetHints":{"allow":["GET"]}}],"collection":[{"href":"https:\/\/shkk.rks-gov.net\/en\/wp-json\/wp\/v2\/pages"}],"about":[{"href":"https:\/\/shkk.rks-gov.net\/en\/wp-json\/wp\/v2\/types\/page"}],"author":[{"embeddable":true,"href":"https:\/\/shkk.rks-gov.net\/en\/wp-json\/wp\/v2\/users\/1"}],"replies":[{"embeddable":true,"href":"https:\/\/shkk.rks-gov.net\/en\/wp-json\/wp\/v2\/comments?post=1203"}],"version-history":[{"count":1,"href":"https:\/\/shkk.rks-gov.net\/en\/wp-json\/wp\/v2\/pages\/1203\/revisions"}],"predecessor-version":[{"id":1226,"href":"https:\/\/shkk.rks-gov.net\/en\/wp-json\/wp\/v2\/pages\/1203\/revisions\/1226"}],"wp:attachment":[{"href":"https:\/\/shkk.rks-gov.net\/en\/wp-json\/wp\/v2\/media?parent=1203"}],"curies":[{"name":"wp","href":"https:\/\/api.w.org\/{rel}","templated":true}]}}