{"id":1127,"date":"2023-12-01T12:06:53","date_gmt":"2023-12-01T12:06:53","guid":{"rendered":"https:\/\/shkk.rks-gov.net\/drejtorit-te-pergjithshem\/"},"modified":"2023-12-04T17:45:54","modified_gmt":"2023-12-04T17:45:54","slug":"drejtorit-te-pergjithshem","status":"publish","type":"page","link":"https:\/\/shkk.rks-gov.net\/en\/drejtorit-te-pergjithshem\/","title":{"rendered":"GENERAL DIRECTOR"},"content":{"rendered":"<h4>Z\u00ebvend\u00ebsues i DREJTORIT T\u00cb P\u00cbRGJITHSH\u00cbM<\/h4>\n<p>Ismail DIBRANI<\/p>\n","protected":false},"excerpt":{"rendered":"<p>Z\u00ebvend\u00ebsues i DREJTORIT T\u00cb P\u00cbRGJITHSH\u00cbM Ismail DIBRANI<\/p>\n","protected":false},"author":1,"featured_media":927,"parent":0,"menu_order":0,"comment_status":"closed","ping_status":"closed","template":"about.php","meta":{"footnotes":""},"class_list":["post-1127","page","type-page","status-publish","has-post-thumbnail","hentry"],"acf":[],"_links":{"self":[{"href":"https:\/\/shkk.rks-gov.net\/en\/wp-json\/wp\/v2\/pages\/1127","targetHints":{"allow":["GET"]}}],"collection":[{"href":"https:\/\/shkk.rks-gov.net\/en\/wp-json\/wp\/v2\/pages"}],"about":[{"href":"https:\/\/shkk.rks-gov.net\/en\/wp-json\/wp\/v2\/types\/page"}],"author":[{"embeddable":true,"href":"https:\/\/shkk.rks-gov.net\/en\/wp-json\/wp\/v2\/users\/1"}],"replies":[{"embeddable":true,"href":"https:\/\/shkk.rks-gov.net\/en\/wp-json\/wp\/v2\/comments?post=1127"}],"version-history":[{"count":1,"href":"https:\/\/shkk.rks-gov.net\/en\/wp-json\/wp\/v2\/pages\/1127\/revisions"}],"predecessor-version":[{"id":1171,"href":"https:\/\/shkk.rks-gov.net\/en\/wp-json\/wp\/v2\/pages\/1127\/revisions\/1171"}],"wp:featuredmedia":[{"embeddable":true,"href":"https:\/\/shkk.rks-gov.net\/en\/wp-json\/wp\/v2\/media\/927"}],"wp:attachment":[{"href":"https:\/\/shkk.rks-gov.net\/en\/wp-json\/wp\/v2\/media?parent=1127"}],"curies":[{"name":"wp","href":"https:\/\/api.w.org\/{rel}","templated":true}]}}